{"id":2002,"date":"2021-08-31T06:31:39","date_gmt":"2021-08-31T06:31:39","guid":{"rendered":"http:\/\/www.fpecaixa.info\/el-fons\/"},"modified":"2023-02-02T08:14:30","modified_gmt":"2023-02-02T08:14:30","slug":"el-fons","status":"publish","type":"page","link":"https:\/\/www.fpecaixa.info\/ca\/el-fons\/","title":{"rendered":"El Fons"},"content":{"rendered":"\n<div class=\"wp-block-group home-page fondo\"><div class=\"wp-block-group__inner-container is-layout-flow wp-block-group-is-layout-flow\">\n<div class=\"wp-block-columns partben is-layout-flex wp-container-core-columns-is-layout-9d6595d7 wp-block-columns-is-layout-flex\">\n<div class=\"wp-block-column is-layout-flow wp-block-column-is-layout-flow\">\n<div class=\"wp-block-columns cards-index is-layout-flex wp-container-core-columns-is-layout-9d6595d7 wp-block-columns-is-layout-flex\">\n<div class=\"wp-block-column is-layout-flow wp-block-column-is-layout-flow\">\n<figure class=\"wp-block-image size-full\"><img loading=\"lazy\" decoding=\"async\" width=\"600\" height=\"436\" src=\"http:\/\/www.fpecaixa.info\/wp-content\/uploads\/2022\/06\/mar.webp\" alt=\"\" class=\"wp-image-4320\" srcset=\"https:\/\/www.fpecaixa.info\/wp-content\/uploads\/2022\/06\/mar.webp 600w, https:\/\/www.fpecaixa.info\/wp-content\/uploads\/2022\/06\/mar-300x218.webp 300w\" sizes=\"auto, (max-width: 600px) 100vw, 600px\" \/><\/figure>\n\n\n\n<h4 class=\"has-text-align-center has-black-color has-text-color wp-block-heading\"><strong>Coneix el teu fons<\/strong><\/h4>\n\n\n\n<p>PC30, com a Fons de Pensions en el qual s&#8217;integra \u00fanicament el Pla de Pensions d&#8217;Ocupaci\u00f3 deCaixaBank, S.A, t\u00e9 com a missi\u00f3 fonamental respondre a les necessitats i objectius dels seus part\u00edcips i beneficiaris en el seu conjunt per constituir pensions que complementin de manera adequada a les de el sistema p\u00fablic.<\/p>\n\n\n\n<div class=\"wp-block-buttons is-layout-flex wp-block-buttons-is-layout-flex\">\n<div class=\"wp-block-button\"><a class=\"wp-block-button__link\" href=\"https:\/\/www.fpecaixa.info\/ca\/el-fons\/el-fons-2\/\">M\u00e9s info<\/a><\/div>\n<\/div>\n<\/div>\n\n\n\n<div class=\"wp-block-column is-layout-flow wp-block-column-is-layout-flow\">\n<figure class=\"wp-block-image size-full\"><img decoding=\"async\" src=\"http:\/\/www.fpecaixa.info\/wp-content\/uploads\/2021\/09\/sostenibilidad-1.jpg\" alt=\"\" class=\"wp-image-1550\"\/><\/figure>\n\n\n\n<h4 class=\"has-text-align-center has-black-color has-text-color wp-block-heading\"><strong>Sostenibilitat<\/strong><\/h4>\n\n\n\n<p>La incorporaci\u00f3 de la Inversi\u00f3 Socialment Responsable (ISR) en el proc\u00e9s d&#8217;inversi\u00f3 de Fons et com a objectiu principal la sostenibilitat del mateix, a m\u00e9s de contribuir en els processos d&#8217;an\u00e0lisi i adopci\u00f3 de decisions en mat\u00e8ria d&#8217;inversions, i pot incrementar la relaci\u00f3 rendibilitat \/ risc en el llarg termini.<\/p>\n\n\n\n<div class=\"wp-block-buttons is-layout-flex wp-block-buttons-is-layout-flex\">\n<div class=\"wp-block-button\"><a class=\"wp-block-button__link\" href=\"https:\/\/www.fpecaixa.info\/ca\/el-fons\/compromesos-amb-la-sostenibilitat\/\">M\u00e9s info<\/a><\/div>\n<\/div>\n<\/div>\n\n\n\n<div class=\"wp-block-column is-layout-flow wp-block-column-is-layout-flow\">\n<figure class=\"wp-block-image size-full\"><img loading=\"lazy\" decoding=\"async\" width=\"768\" height=\"579\" src=\"http:\/\/www.fpecaixa.info\/wp-content\/uploads\/2021\/10\/inversiones.jpg\" alt=\"\" class=\"wp-image-3094\" srcset=\"https:\/\/www.fpecaixa.info\/wp-content\/uploads\/2021\/10\/inversiones.jpg 768w, https:\/\/www.fpecaixa.info\/wp-content\/uploads\/2021\/10\/inversiones-300x226.jpg 300w\" sizes=\"auto, (max-width: 768px) 100vw, 768px\" \/><\/figure>\n\n\n\n<h4 class=\"has-text-align-center has-black-color has-text-color wp-block-heading\"><strong>Inversions<\/strong><\/h4>\n\n\n\n<p>L&#8217;objectiu d&#8217;inversi\u00f3 dels Fons de Pensions PC30 consisteix en obtenir una rendibilitat anual (mesurada de forma anualitzada en per\u00edodes de 5 anys) en l\u00ednia amb l&#8217;\u00edndex Euribor 3 mesos + 2,75% amb un nivell de risc associat a l&#8217;entorn de el 10 % (mesurat a trav\u00e9s de la volatilitat anual).<\/p>\n\n\n\n<div class=\"wp-block-buttons is-layout-flex wp-block-buttons-is-layout-flex\">\n<div class=\"wp-block-button\"><a class=\"wp-block-button__link\" href=\"https:\/\/www.fpecaixa.info\/ca\/el-fons\/inversions\/\">M\u00e9s info<\/a><\/div>\n<\/div>\n<\/div>\n<\/div>\n<\/div>\n<\/div>\n<\/div><\/div>\n\n<div class=\"wp-block-columns row-premios fondo is-layout-flex wp-container-core-columns-is-layout-9d6595d7 wp-block-columns-is-layout-flex\">\n<div class=\"wp-block-column is-layout-flow wp-block-column-is-layout-flow\">\n<div class=\"wp-block-image star\"><figure class=\"alignleft size-full\"><img loading=\"lazy\" decoding=\"async\" width=\"118\" height=\"24\" src=\"http:\/\/www.fpecaixa.info\/wp-content\/uploads\/2021\/09\/stars1.png\" alt=\"\" class=\"wp-image-2007\"\/><\/figure><\/div>\n\n\n\n<div class=\"wp-block-columns is-layout-flex wp-container-core-columns-is-layout-9d6595d7 wp-block-columns-is-layout-flex\">\n<div class=\"wp-block-column is-layout-flow wp-block-column-is-layout-flow\">\n<h4 class=\"has-text-align-left wp-block-heading\" id=\"premios-title\"><a href=\"https:\/\/www.fpecaixa.info\/ca\/el-fons\/reconeixements\/\">Reconeixements i Premis<\/a><\/h4>\n<\/div>\n<\/div>\n<\/div>\n<\/div>\n","protected":false},"excerpt":{"rendered":"<p>Coneix el teu fons PC30, com a Fons de Pensions en el qual s&#8217;integra \u00fanicament el Pla de Pensions d&#8217;Ocupaci\u00f3 deCaixaBank, S.A, t\u00e9 com a missi\u00f3 fonamental respondre a les necessitats i objectius dels seus part\u00edcips i beneficiaris en el seu conjunt per constituir pensions que complementin de manera adequada a les de el sistema [&hellip;]<\/p>\n","protected":false},"author":2,"featured_media":2004,"parent":0,"menu_order":0,"comment_status":"closed","ping_status":"closed","template":"","meta":{"_acf_changed":false,"_monsterinsights_skip_tracking":false,"_monsterinsights_sitenote_active":false,"_monsterinsights_sitenote_note":"","_monsterinsights_sitenote_category":0,"footnotes":""},"class_list":["post-2002","page","type-page","status-publish","has-post-thumbnail","hentry"],"acf":[],"yoast_head":"<!-- This site is optimized with the Yoast SEO plugin v27.5 - https:\/\/yoast.com\/product\/yoast-seo-wordpress\/ -->\n<title>El Fons - Plan de Pensiones de Empleo (PC30)<\/title>\n<meta name=\"robots\" content=\"index, follow, max-snippet:-1, max-image-preview:large, max-video-preview:-1\" \/>\n<link rel=\"canonical\" href=\"https:\/\/www.fpecaixa.info\/ca\/el-fons\/\" \/>\n<meta property=\"og:locale\" content=\"ca_ES\" \/>\n<meta property=\"og:type\" content=\"article\" \/>\n<meta property=\"og:title\" content=\"El Fons - Plan de Pensiones de Empleo (PC30)\" \/>\n<meta property=\"og:description\" content=\"Coneix el teu fons PC30, com a Fons de Pensions en el qual s&#8217;integra \u00fanicament el Pla de Pensions d&#8217;Ocupaci\u00f3 deCaixaBank, S.A, t\u00e9 com a missi\u00f3 fonamental respondre a les necessitats i objectius dels seus part\u00edcips i beneficiaris en el seu conjunt per constituir pensions que complementin de manera adequada a les de el sistema [&hellip;]\" \/>\n<meta property=\"og:url\" content=\"https:\/\/www.fpecaixa.info\/ca\/el-fons\/\" \/>\n<meta property=\"og:site_name\" content=\"Plan de Pensiones de Empleo (PC30)\" \/>\n<meta property=\"article:modified_time\" content=\"2023-02-02T08:14:30+00:00\" \/>\n<meta property=\"og:image\" content=\"https:\/\/www.fpecaixa.info\/wp-content\/uploads\/2021\/09\/elfondo-1.jpg\" \/>\n\t<meta property=\"og:image:width\" content=\"768\" \/>\n\t<meta property=\"og:image:height\" content=\"579\" \/>\n\t<meta property=\"og:image:type\" content=\"image\/jpeg\" \/>\n<meta name=\"twitter:card\" content=\"summary_large_image\" \/>\n<meta name=\"twitter:label1\" content=\"Temps estimat de lectura\" \/>\n\t<meta name=\"twitter:data1\" content=\"2 minuts\" \/>\n<script type=\"application\/ld+json\" class=\"yoast-schema-graph\">{\"@context\":\"https:\\\/\\\/schema.org\",\"@graph\":[{\"@type\":\"WebPage\",\"@id\":\"https:\\\/\\\/www.fpecaixa.info\\\/ca\\\/el-fons\\\/\",\"url\":\"https:\\\/\\\/www.fpecaixa.info\\\/ca\\\/el-fons\\\/\",\"name\":\"El Fons - Plan de Pensiones de Empleo (PC30)\",\"isPartOf\":{\"@id\":\"https:\\\/\\\/www.fpecaixa.info\\\/#website\"},\"primaryImageOfPage\":{\"@id\":\"https:\\\/\\\/www.fpecaixa.info\\\/ca\\\/el-fons\\\/#primaryimage\"},\"image\":{\"@id\":\"https:\\\/\\\/www.fpecaixa.info\\\/ca\\\/el-fons\\\/#primaryimage\"},\"thumbnailUrl\":\"https:\\\/\\\/www.fpecaixa.info\\\/wp-content\\\/uploads\\\/2021\\\/09\\\/elfondo-1.jpg\",\"datePublished\":\"2021-08-31T06:31:39+00:00\",\"dateModified\":\"2023-02-02T08:14:30+00:00\",\"breadcrumb\":{\"@id\":\"https:\\\/\\\/www.fpecaixa.info\\\/ca\\\/el-fons\\\/#breadcrumb\"},\"inLanguage\":\"ca\",\"potentialAction\":[{\"@type\":\"ReadAction\",\"target\":[\"https:\\\/\\\/www.fpecaixa.info\\\/ca\\\/el-fons\\\/\"]}]},{\"@type\":\"ImageObject\",\"inLanguage\":\"ca\",\"@id\":\"https:\\\/\\\/www.fpecaixa.info\\\/ca\\\/el-fons\\\/#primaryimage\",\"url\":\"https:\\\/\\\/www.fpecaixa.info\\\/wp-content\\\/uploads\\\/2021\\\/09\\\/elfondo-1.jpg\",\"contentUrl\":\"https:\\\/\\\/www.fpecaixa.info\\\/wp-content\\\/uploads\\\/2021\\\/09\\\/elfondo-1.jpg\",\"width\":768,\"height\":579},{\"@type\":\"BreadcrumbList\",\"@id\":\"https:\\\/\\\/www.fpecaixa.info\\\/ca\\\/el-fons\\\/#breadcrumb\",\"itemListElement\":[{\"@type\":\"ListItem\",\"position\":1,\"name\":\"Inici\",\"item\":\"https:\\\/\\\/www.fpecaixa.info\\\/ca\\\/\"},{\"@type\":\"ListItem\",\"position\":2,\"name\":\"El Fons\"}]},{\"@type\":\"WebSite\",\"@id\":\"https:\\\/\\\/www.fpecaixa.info\\\/#website\",\"url\":\"https:\\\/\\\/www.fpecaixa.info\\\/\",\"name\":\"Plan de Pensiones de Empleo (PC30)\",\"description\":\"Web informativa para el Plan de Pensiones de Empleo (PC30) de trabajadores de Caixabank\",\"potentialAction\":[{\"@type\":\"SearchAction\",\"target\":{\"@type\":\"EntryPoint\",\"urlTemplate\":\"https:\\\/\\\/www.fpecaixa.info\\\/?s={search_term_string}\"},\"query-input\":{\"@type\":\"PropertyValueSpecification\",\"valueRequired\":true,\"valueName\":\"search_term_string\"}}],\"inLanguage\":\"ca\"}]}<\/script>\n<!-- \/ Yoast SEO plugin. -->","yoast_head_json":{"title":"El Fons - Plan de Pensiones de Empleo (PC30)","robots":{"index":"index","follow":"follow","max-snippet":"max-snippet:-1","max-image-preview":"max-image-preview:large","max-video-preview":"max-video-preview:-1"},"canonical":"https:\/\/www.fpecaixa.info\/ca\/el-fons\/","og_locale":"ca_ES","og_type":"article","og_title":"El Fons - Plan de Pensiones de Empleo (PC30)","og_description":"Coneix el teu fons PC30, com a Fons de Pensions en el qual s&#8217;integra \u00fanicament el Pla de Pensions d&#8217;Ocupaci\u00f3 deCaixaBank, S.A, t\u00e9 com a missi\u00f3 fonamental respondre a les necessitats i objectius dels seus part\u00edcips i beneficiaris en el seu conjunt per constituir pensions que complementin de manera adequada a les de el sistema [&hellip;]","og_url":"https:\/\/www.fpecaixa.info\/ca\/el-fons\/","og_site_name":"Plan de Pensiones de Empleo (PC30)","article_modified_time":"2023-02-02T08:14:30+00:00","og_image":[{"width":768,"height":579,"url":"https:\/\/www.fpecaixa.info\/wp-content\/uploads\/2021\/09\/elfondo-1.jpg","type":"image\/jpeg"}],"twitter_card":"summary_large_image","twitter_misc":{"Temps estimat de lectura":"2 minuts"},"schema":{"@context":"https:\/\/schema.org","@graph":[{"@type":"WebPage","@id":"https:\/\/www.fpecaixa.info\/ca\/el-fons\/","url":"https:\/\/www.fpecaixa.info\/ca\/el-fons\/","name":"El Fons - Plan de Pensiones de Empleo (PC30)","isPartOf":{"@id":"https:\/\/www.fpecaixa.info\/#website"},"primaryImageOfPage":{"@id":"https:\/\/www.fpecaixa.info\/ca\/el-fons\/#primaryimage"},"image":{"@id":"https:\/\/www.fpecaixa.info\/ca\/el-fons\/#primaryimage"},"thumbnailUrl":"https:\/\/www.fpecaixa.info\/wp-content\/uploads\/2021\/09\/elfondo-1.jpg","datePublished":"2021-08-31T06:31:39+00:00","dateModified":"2023-02-02T08:14:30+00:00","breadcrumb":{"@id":"https:\/\/www.fpecaixa.info\/ca\/el-fons\/#breadcrumb"},"inLanguage":"ca","potentialAction":[{"@type":"ReadAction","target":["https:\/\/www.fpecaixa.info\/ca\/el-fons\/"]}]},{"@type":"ImageObject","inLanguage":"ca","@id":"https:\/\/www.fpecaixa.info\/ca\/el-fons\/#primaryimage","url":"https:\/\/www.fpecaixa.info\/wp-content\/uploads\/2021\/09\/elfondo-1.jpg","contentUrl":"https:\/\/www.fpecaixa.info\/wp-content\/uploads\/2021\/09\/elfondo-1.jpg","width":768,"height":579},{"@type":"BreadcrumbList","@id":"https:\/\/www.fpecaixa.info\/ca\/el-fons\/#breadcrumb","itemListElement":[{"@type":"ListItem","position":1,"name":"Inici","item":"https:\/\/www.fpecaixa.info\/ca\/"},{"@type":"ListItem","position":2,"name":"El Fons"}]},{"@type":"WebSite","@id":"https:\/\/www.fpecaixa.info\/#website","url":"https:\/\/www.fpecaixa.info\/","name":"Plan de Pensiones de Empleo (PC30)","description":"Web informativa para el Plan de Pensiones de Empleo (PC30) de trabajadores de Caixabank","potentialAction":[{"@type":"SearchAction","target":{"@type":"EntryPoint","urlTemplate":"https:\/\/www.fpecaixa.info\/?s={search_term_string}"},"query-input":{"@type":"PropertyValueSpecification","valueRequired":true,"valueName":"search_term_string"}}],"inLanguage":"ca"}]}},"_links":{"self":[{"href":"https:\/\/www.fpecaixa.info\/ca\/wp-json\/wp\/v2\/pages\/2002","targetHints":{"allow":["GET"]}}],"collection":[{"href":"https:\/\/www.fpecaixa.info\/ca\/wp-json\/wp\/v2\/pages"}],"about":[{"href":"https:\/\/www.fpecaixa.info\/ca\/wp-json\/wp\/v2\/types\/page"}],"author":[{"embeddable":true,"href":"https:\/\/www.fpecaixa.info\/ca\/wp-json\/wp\/v2\/users\/2"}],"replies":[{"embeddable":true,"href":"https:\/\/www.fpecaixa.info\/ca\/wp-json\/wp\/v2\/comments?post=2002"}],"version-history":[{"count":8,"href":"https:\/\/www.fpecaixa.info\/ca\/wp-json\/wp\/v2\/pages\/2002\/revisions"}],"predecessor-version":[{"id":4722,"href":"https:\/\/www.fpecaixa.info\/ca\/wp-json\/wp\/v2\/pages\/2002\/revisions\/4722"}],"wp:featuredmedia":[{"embeddable":true,"href":"https:\/\/www.fpecaixa.info\/ca\/wp-json\/wp\/v2\/media\/2004"}],"wp:attachment":[{"href":"https:\/\/www.fpecaixa.info\/ca\/wp-json\/wp\/v2\/media?parent=2002"}],"curies":[{"name":"wp","href":"https:\/\/api.w.org\/{rel}","templated":true}]}}