{"id":2075,"date":"2021-08-30T08:41:19","date_gmt":"2021-08-30T08:41:19","guid":{"rendered":"http:\/\/www.fpecaixa.info\/participi-i-beneficiari\/"},"modified":"2023-02-02T08:12:05","modified_gmt":"2023-02-02T08:12:05","slug":"participi-i-beneficiari","status":"publish","type":"page","link":"https:\/\/www.fpecaixa.info\/ca\/participi-i-beneficiari\/","title":{"rendered":"Part\u00edcip i Beneficiari"},"content":{"rendered":"\n<div class=\"wp-block-group home-page\"><div class=\"wp-block-group__inner-container is-layout-flow wp-block-group-is-layout-flow\">\n<div class=\"wp-block-columns partben is-layout-flex wp-container-core-columns-is-layout-9d6595d7 wp-block-columns-is-layout-flex\">\n<div class=\"wp-block-column is-layout-flow wp-block-column-is-layout-flow\">\n<div class=\"wp-block-columns cards-index is-layout-flex wp-container-core-columns-is-layout-9d6595d7 wp-block-columns-is-layout-flex\">\n<div class=\"wp-block-column is-layout-flow wp-block-column-is-layout-flow\">\n<figure class=\"wp-block-image size-full\"><img loading=\"lazy\" decoding=\"async\" width=\"768\" height=\"579\" src=\"http:\/\/www.fpecaixa.info\/wp-content\/uploads\/2021\/10\/conoce_tu_plan.jpg\" alt=\"\" class=\"wp-image-3047\" srcset=\"https:\/\/www.fpecaixa.info\/wp-content\/uploads\/2021\/10\/conoce_tu_plan.jpg 768w, https:\/\/www.fpecaixa.info\/wp-content\/uploads\/2021\/10\/conoce_tu_plan-300x226.jpg 300w\" sizes=\"auto, (max-width: 768px) 100vw, 768px\" \/><\/figure>\n\n\n\n<h4 class=\"has-text-align-center has-black-color has-text-color wp-block-heading\"><strong>Coneix el teu Pla<\/strong><\/h4>\n\n\n\n<p>Que sabem del nostre pla d&#8217;ocupaci\u00f3? Aqu\u00ed trobessis tota la informaci\u00f3 general rellevant del pla, com funciona i la seva fitxa completa.<\/p>\n\n\n\n<div class=\"wp-block-buttons is-layout-flex wp-block-buttons-is-layout-flex\">\n<div class=\"wp-block-button\"><a class=\"wp-block-button__link\" href=\"https:\/\/www.fpecaixa.info\/ca\/participi-i-beneficiari\/coneix-el-teu-pla\/\">M\u00e9s info<\/a><\/div>\n<\/div>\n<\/div>\n\n\n\n<div class=\"wp-block-column is-layout-flow wp-block-column-is-layout-flow\">\n<figure class=\"wp-block-image size-full\"><img decoding=\"async\" src=\"http:\/\/www.fpecaixa.info\/wp-content\/uploads\/2021\/09\/estoyahorrando.jpg\" alt=\"\" class=\"wp-image-2058\"\/><\/figure>\n\n\n\n<h4 class=\"has-text-align-center has-black-color has-text-color wp-block-heading\"><strong>Estic estalviant<\/strong><\/h4>\n\n\n\n<p>Cada vegada hi ha m\u00e9s consci\u00e8ncia i m\u00e9s acci\u00f3 de preparar la jubilaci\u00f3. En aquesta secci\u00f3 volem donar-te llum sobre les q\u00fcestions m\u00e9s rellevants per a estalviar i preparar adequadament el teu futur.<\/p>\n\n\n\n<div class=\"wp-block-buttons is-layout-flex wp-block-buttons-is-layout-flex\">\n<div class=\"wp-block-button\"><a class=\"wp-block-button__link\" href=\"https:\/\/www.fpecaixa.info\/ca\/participi-i-beneficiari\/estic-estalviant\/\">M\u00e9s info<\/a><\/div>\n<\/div>\n<\/div>\n\n\n\n<div class=\"wp-block-column is-layout-flow wp-block-column-is-layout-flow\">\n<figure class=\"wp-block-image size-full\"><img decoding=\"async\" src=\"http:\/\/www.fpecaixa.info\/wp-content\/uploads\/2021\/10\/jubilacion.jpg\" alt=\"\" class=\"wp-image-3051\"\/><\/figure>\n\n\n\n<h4 class=\"has-text-align-center has-black-color has-text-color wp-block-heading\"><strong>Preparant la jubilaci\u00f3<\/strong><\/h4>\n\n\n\n<p>Volem ajudar-te a entendre quines s\u00f3n les principals implicacions financeres d&#8217;aquest estalvi que est\u00e0s generant al llarg de la vida laboral.<\/p>\n\n\n\n<div class=\"wp-block-buttons is-layout-flex wp-block-buttons-is-layout-flex\">\n<div class=\"wp-block-button\"><a class=\"wp-block-button__link\" href=\"https:\/\/www.fpecaixa.info\/ca\/participi-i-beneficiari\/preparant-la-jubilacion\/\">M\u00e9s info<\/a><\/div>\n<\/div>\n<\/div>\n<\/div>\n<\/div>\n<\/div>\n\n\n\n<p><\/p>\n<\/div><\/div>\n\n<div class=\"wp-block-group home-page\"><div class=\"wp-block-group__inner-container is-layout-flow wp-block-group-is-layout-flow\">\n<div class=\"wp-block-columns partben is-layout-flex wp-container-core-columns-is-layout-9d6595d7 wp-block-columns-is-layout-flex\">\n<div class=\"wp-block-column is-layout-flow wp-block-column-is-layout-flow\">\n<div class=\"wp-block-columns cards-index is-layout-flex wp-container-core-columns-is-layout-9d6595d7 wp-block-columns-is-layout-flex\">\n<div class=\"wp-block-column is-layout-flow wp-block-column-is-layout-flow\">\n<figure class=\"wp-block-image size-full\"><img loading=\"lazy\" decoding=\"async\" width=\"768\" height=\"579\" src=\"http:\/\/www.fpecaixa.info\/wp-content\/uploads\/2021\/10\/beneficiario.jpg\" alt=\"\" class=\"wp-image-3176\" srcset=\"https:\/\/www.fpecaixa.info\/wp-content\/uploads\/2021\/10\/beneficiario.jpg 768w, https:\/\/www.fpecaixa.info\/wp-content\/uploads\/2021\/10\/beneficiario-300x226.jpg 300w\" sizes=\"auto, (max-width: 768px) 100vw, 768px\" \/><\/figure>\n\n\n\n<h4 class=\"has-text-align-center has-black-color has-text-color wp-block-heading\"><strong>Beneficiari<\/strong><\/h4>\n\n\n\n<p>Tota la informaci\u00f3 necess\u00e0ria per als beneficiaris del pla per conting\u00e8ncies diferents a la jubilaci\u00f3<\/p>\n\n\n\n<div class=\"wp-block-buttons is-layout-flex wp-block-buttons-is-layout-flex\">\n<div class=\"wp-block-button\"><a class=\"wp-block-button__link\" href=\"https:\/\/www.fpecaixa.info\/ca\/participi-i-beneficiari\/beneficiari\/\">M\u00e9s info<\/a><\/div>\n<\/div>\n<\/div>\n\n\n\n<div class=\"wp-block-column is-layout-flow wp-block-column-is-layout-flow\">\n<figure class=\"wp-block-image size-full\"><img decoding=\"async\" src=\"http:\/\/www.fpecaixa.info\/wp-content\/uploads\/2021\/10\/estoy_jubilado.jpg\" alt=\"\" class=\"wp-image-3054\"\/><\/figure>\n\n\n\n<h4 class=\"has-text-align-center has-black-color has-text-color wp-block-heading\"><strong>Estic jubilat<\/strong><\/h4>\n\n\n\n<p>Som conscients que tamb\u00e9 en la jubilaci\u00f3 existeixen q\u00fcestions a resoldre relatives a la Seguretat Social i a l&#8217;estalvi. Tot aix\u00f2 ho abordem en aquesta secci\u00f3.<\/p>\n\n\n\n<div class=\"wp-block-buttons is-layout-flex wp-block-buttons-is-layout-flex\">\n<div class=\"wp-block-button\"><a class=\"wp-block-button__link\" href=\"https:\/\/www.fpecaixa.info\/ca\/participi-i-beneficiari\/estic-jubilat\/\">M\u00e9s info<\/a><\/div>\n<\/div>\n<\/div>\n\n\n\n<div class=\"wp-block-column is-layout-flow wp-block-column-is-layout-flow\">\n<figure class=\"wp-block-image size-full\"><img loading=\"lazy\" decoding=\"async\" width=\"768\" height=\"579\" src=\"http:\/\/www.fpecaixa.info\/wp-content\/uploads\/2021\/10\/formulalrios-1.jpg\" alt=\"\" class=\"wp-image-3062\" srcset=\"https:\/\/www.fpecaixa.info\/wp-content\/uploads\/2021\/10\/formulalrios-1.jpg 768w, https:\/\/www.fpecaixa.info\/wp-content\/uploads\/2021\/10\/formulalrios-1-300x226.jpg 300w\" sizes=\"auto, (max-width: 768px) 100vw, 768px\" \/><\/figure>\n\n\n\n<h4 class=\"has-text-align-center has-black-color has-text-color wp-block-heading\"><strong>Formularis<\/strong><\/h4>\n\n\n\n<p>Accedeix a la galeria de documents amb els quals podr\u00e0s realitzar els tr\u00e0mits m\u00e9s comuns relatius al cobrament del pla<\/p>\n\n\n\n<div class=\"wp-block-buttons is-layout-flex wp-block-buttons-is-layout-flex\">\n<div class=\"wp-block-button\"><a class=\"wp-block-button__link\" href=\"https:\/\/www.fpecaixa.info\/ca\/participi-i-beneficiari\/tramits-formularis\/\">M\u00e9s info<\/a><\/div>\n<\/div>\n<\/div>\n<\/div>\n<\/div>\n<\/div>\n\n\n\n<p><\/p>\n<\/div><\/div>\n","protected":false},"excerpt":{"rendered":"<p>Coneix el teu Pla Que sabem del nostre pla d&#8217;ocupaci\u00f3? Aqu\u00ed trobessis tota la informaci\u00f3 general rellevant del pla, com funciona i la seva fitxa completa. Estic estalviant Cada vegada hi ha m\u00e9s consci\u00e8ncia i m\u00e9s acci\u00f3 de preparar la jubilaci\u00f3. En aquesta secci\u00f3 volem donar-te llum sobre les q\u00fcestions m\u00e9s rellevants per a estalviar [&hellip;]<\/p>\n","protected":false},"author":2,"featured_media":0,"parent":0,"menu_order":0,"comment_status":"closed","ping_status":"closed","template":"","meta":{"_acf_changed":false,"_monsterinsights_skip_tracking":false,"_monsterinsights_sitenote_active":false,"_monsterinsights_sitenote_note":"","_monsterinsights_sitenote_category":0,"footnotes":""},"class_list":["post-2075","page","type-page","status-publish","hentry"],"acf":[],"yoast_head":"<!-- This site is optimized with the Yoast SEO plugin v27.3 - https:\/\/yoast.com\/product\/yoast-seo-wordpress\/ -->\n<title>Part\u00edcip i Beneficiari - Plan de Pensiones de Empleo (PC30)<\/title>\n<meta name=\"robots\" content=\"index, follow, max-snippet:-1, max-image-preview:large, max-video-preview:-1\" \/>\n<link rel=\"canonical\" href=\"https:\/\/www.fpecaixa.info\/ca\/participi-i-beneficiari\/\" \/>\n<meta property=\"og:locale\" content=\"ca_ES\" \/>\n<meta property=\"og:type\" content=\"article\" \/>\n<meta property=\"og:title\" content=\"Part\u00edcip i Beneficiari - Plan de Pensiones de Empleo (PC30)\" \/>\n<meta property=\"og:description\" content=\"Coneix el teu Pla Que sabem del nostre pla d&#8217;ocupaci\u00f3? Aqu\u00ed trobessis tota la informaci\u00f3 general rellevant del pla, com funciona i la seva fitxa completa. Estic estalviant Cada vegada hi ha m\u00e9s consci\u00e8ncia i m\u00e9s acci\u00f3 de preparar la jubilaci\u00f3. En aquesta secci\u00f3 volem donar-te llum sobre les q\u00fcestions m\u00e9s rellevants per a estalviar [&hellip;]\" \/>\n<meta property=\"og:url\" content=\"https:\/\/www.fpecaixa.info\/ca\/participi-i-beneficiari\/\" \/>\n<meta property=\"og:site_name\" content=\"Plan de Pensiones de Empleo (PC30)\" \/>\n<meta property=\"article:modified_time\" content=\"2023-02-02T08:12:05+00:00\" \/>\n<meta property=\"og:image\" content=\"http:\/\/www.fpecaixa.info\/wp-content\/uploads\/2021\/10\/conoce_tu_plan.jpg\" \/>\n<meta name=\"twitter:card\" content=\"summary_large_image\" \/>\n<meta name=\"twitter:label1\" content=\"Temps estimat de lectura\" \/>\n\t<meta name=\"twitter:data1\" content=\"2 minuts\" \/>\n<script type=\"application\/ld+json\" class=\"yoast-schema-graph\">{\"@context\":\"https:\\\/\\\/schema.org\",\"@graph\":[{\"@type\":\"WebPage\",\"@id\":\"https:\\\/\\\/www.fpecaixa.info\\\/ca\\\/participi-i-beneficiari\\\/\",\"url\":\"https:\\\/\\\/www.fpecaixa.info\\\/ca\\\/participi-i-beneficiari\\\/\",\"name\":\"Part\u00edcip i Beneficiari - Plan de Pensiones de Empleo (PC30)\",\"isPartOf\":{\"@id\":\"https:\\\/\\\/www.fpecaixa.info\\\/#website\"},\"primaryImageOfPage\":{\"@id\":\"https:\\\/\\\/www.fpecaixa.info\\\/ca\\\/participi-i-beneficiari\\\/#primaryimage\"},\"image\":{\"@id\":\"https:\\\/\\\/www.fpecaixa.info\\\/ca\\\/participi-i-beneficiari\\\/#primaryimage\"},\"thumbnailUrl\":\"http:\\\/\\\/www.fpecaixa.info\\\/wp-content\\\/uploads\\\/2021\\\/10\\\/conoce_tu_plan.jpg\",\"datePublished\":\"2021-08-30T08:41:19+00:00\",\"dateModified\":\"2023-02-02T08:12:05+00:00\",\"breadcrumb\":{\"@id\":\"https:\\\/\\\/www.fpecaixa.info\\\/ca\\\/participi-i-beneficiari\\\/#breadcrumb\"},\"inLanguage\":\"ca\",\"potentialAction\":[{\"@type\":\"ReadAction\",\"target\":[\"https:\\\/\\\/www.fpecaixa.info\\\/ca\\\/participi-i-beneficiari\\\/\"]}]},{\"@type\":\"ImageObject\",\"inLanguage\":\"ca\",\"@id\":\"https:\\\/\\\/www.fpecaixa.info\\\/ca\\\/participi-i-beneficiari\\\/#primaryimage\",\"url\":\"http:\\\/\\\/www.fpecaixa.info\\\/wp-content\\\/uploads\\\/2021\\\/10\\\/conoce_tu_plan.jpg\",\"contentUrl\":\"http:\\\/\\\/www.fpecaixa.info\\\/wp-content\\\/uploads\\\/2021\\\/10\\\/conoce_tu_plan.jpg\"},{\"@type\":\"BreadcrumbList\",\"@id\":\"https:\\\/\\\/www.fpecaixa.info\\\/ca\\\/participi-i-beneficiari\\\/#breadcrumb\",\"itemListElement\":[{\"@type\":\"ListItem\",\"position\":1,\"name\":\"Inici\",\"item\":\"https:\\\/\\\/www.fpecaixa.info\\\/ca\\\/\"},{\"@type\":\"ListItem\",\"position\":2,\"name\":\"Part\u00edcip i Beneficiari\"}]},{\"@type\":\"WebSite\",\"@id\":\"https:\\\/\\\/www.fpecaixa.info\\\/#website\",\"url\":\"https:\\\/\\\/www.fpecaixa.info\\\/\",\"name\":\"Plan de Pensiones de Empleo (PC30)\",\"description\":\"Web informativa para el Plan de Pensiones de Empleo (PC30) de trabajadores de Caixabank\",\"potentialAction\":[{\"@type\":\"SearchAction\",\"target\":{\"@type\":\"EntryPoint\",\"urlTemplate\":\"https:\\\/\\\/www.fpecaixa.info\\\/?s={search_term_string}\"},\"query-input\":{\"@type\":\"PropertyValueSpecification\",\"valueRequired\":true,\"valueName\":\"search_term_string\"}}],\"inLanguage\":\"ca\"}]}<\/script>\n<!-- \/ Yoast SEO plugin. -->","yoast_head_json":{"title":"Part\u00edcip i Beneficiari - Plan de Pensiones de Empleo (PC30)","robots":{"index":"index","follow":"follow","max-snippet":"max-snippet:-1","max-image-preview":"max-image-preview:large","max-video-preview":"max-video-preview:-1"},"canonical":"https:\/\/www.fpecaixa.info\/ca\/participi-i-beneficiari\/","og_locale":"ca_ES","og_type":"article","og_title":"Part\u00edcip i Beneficiari - Plan de Pensiones de Empleo (PC30)","og_description":"Coneix el teu Pla Que sabem del nostre pla d&#8217;ocupaci\u00f3? Aqu\u00ed trobessis tota la informaci\u00f3 general rellevant del pla, com funciona i la seva fitxa completa. Estic estalviant Cada vegada hi ha m\u00e9s consci\u00e8ncia i m\u00e9s acci\u00f3 de preparar la jubilaci\u00f3. En aquesta secci\u00f3 volem donar-te llum sobre les q\u00fcestions m\u00e9s rellevants per a estalviar [&hellip;]","og_url":"https:\/\/www.fpecaixa.info\/ca\/participi-i-beneficiari\/","og_site_name":"Plan de Pensiones de Empleo (PC30)","article_modified_time":"2023-02-02T08:12:05+00:00","og_image":[{"url":"http:\/\/www.fpecaixa.info\/wp-content\/uploads\/2021\/10\/conoce_tu_plan.jpg","type":"","width":"","height":""}],"twitter_card":"summary_large_image","twitter_misc":{"Temps estimat de lectura":"2 minuts"},"schema":{"@context":"https:\/\/schema.org","@graph":[{"@type":"WebPage","@id":"https:\/\/www.fpecaixa.info\/ca\/participi-i-beneficiari\/","url":"https:\/\/www.fpecaixa.info\/ca\/participi-i-beneficiari\/","name":"Part\u00edcip i Beneficiari - Plan de Pensiones de Empleo (PC30)","isPartOf":{"@id":"https:\/\/www.fpecaixa.info\/#website"},"primaryImageOfPage":{"@id":"https:\/\/www.fpecaixa.info\/ca\/participi-i-beneficiari\/#primaryimage"},"image":{"@id":"https:\/\/www.fpecaixa.info\/ca\/participi-i-beneficiari\/#primaryimage"},"thumbnailUrl":"http:\/\/www.fpecaixa.info\/wp-content\/uploads\/2021\/10\/conoce_tu_plan.jpg","datePublished":"2021-08-30T08:41:19+00:00","dateModified":"2023-02-02T08:12:05+00:00","breadcrumb":{"@id":"https:\/\/www.fpecaixa.info\/ca\/participi-i-beneficiari\/#breadcrumb"},"inLanguage":"ca","potentialAction":[{"@type":"ReadAction","target":["https:\/\/www.fpecaixa.info\/ca\/participi-i-beneficiari\/"]}]},{"@type":"ImageObject","inLanguage":"ca","@id":"https:\/\/www.fpecaixa.info\/ca\/participi-i-beneficiari\/#primaryimage","url":"http:\/\/www.fpecaixa.info\/wp-content\/uploads\/2021\/10\/conoce_tu_plan.jpg","contentUrl":"http:\/\/www.fpecaixa.info\/wp-content\/uploads\/2021\/10\/conoce_tu_plan.jpg"},{"@type":"BreadcrumbList","@id":"https:\/\/www.fpecaixa.info\/ca\/participi-i-beneficiari\/#breadcrumb","itemListElement":[{"@type":"ListItem","position":1,"name":"Inici","item":"https:\/\/www.fpecaixa.info\/ca\/"},{"@type":"ListItem","position":2,"name":"Part\u00edcip i Beneficiari"}]},{"@type":"WebSite","@id":"https:\/\/www.fpecaixa.info\/#website","url":"https:\/\/www.fpecaixa.info\/","name":"Plan de Pensiones de Empleo (PC30)","description":"Web informativa para el Plan de Pensiones de Empleo (PC30) de trabajadores de Caixabank","potentialAction":[{"@type":"SearchAction","target":{"@type":"EntryPoint","urlTemplate":"https:\/\/www.fpecaixa.info\/?s={search_term_string}"},"query-input":{"@type":"PropertyValueSpecification","valueRequired":true,"valueName":"search_term_string"}}],"inLanguage":"ca"}]}},"_links":{"self":[{"href":"https:\/\/www.fpecaixa.info\/ca\/wp-json\/wp\/v2\/pages\/2075","targetHints":{"allow":["GET"]}}],"collection":[{"href":"https:\/\/www.fpecaixa.info\/ca\/wp-json\/wp\/v2\/pages"}],"about":[{"href":"https:\/\/www.fpecaixa.info\/ca\/wp-json\/wp\/v2\/types\/page"}],"author":[{"embeddable":true,"href":"https:\/\/www.fpecaixa.info\/ca\/wp-json\/wp\/v2\/users\/2"}],"replies":[{"embeddable":true,"href":"https:\/\/www.fpecaixa.info\/ca\/wp-json\/wp\/v2\/comments?post=2075"}],"version-history":[{"count":25,"href":"https:\/\/www.fpecaixa.info\/ca\/wp-json\/wp\/v2\/pages\/2075\/revisions"}],"predecessor-version":[{"id":4717,"href":"https:\/\/www.fpecaixa.info\/ca\/wp-json\/wp\/v2\/pages\/2075\/revisions\/4717"}],"wp:attachment":[{"href":"https:\/\/www.fpecaixa.info\/ca\/wp-json\/wp\/v2\/media?parent=2075"}],"curies":[{"name":"wp","href":"https:\/\/api.w.org\/{rel}","templated":true}]}}