{"id":2094,"date":"2021-08-30T12:14:50","date_gmt":"2021-08-30T12:14:50","guid":{"rendered":"http:\/\/www.fpecaixa.info\/participi-i-beneficiari\/beneficiari\/"},"modified":"2022-01-11T12:48:52","modified_gmt":"2022-01-11T12:48:52","slug":"beneficiari","status":"publish","type":"page","link":"https:\/\/www.fpecaixa.info\/ca\/participi-i-beneficiari\/beneficiari\/","title":{"rendered":"Beneficiari"},"content":{"rendered":"\n<div class=\"wp-block-columns is-layout-flex wp-container-core-columns-is-layout-9d6595d7 wp-block-columns-is-layout-flex\">\n<div class=\"wp-block-column is-layout-flow wp-block-column-is-layout-flow\"><p>[toc]<\/p>\n<\/div>\n<\/div>\n\n\n\n<div class=\"wp-block-columns is-layout-flex wp-container-core-columns-is-layout-9d6595d7 wp-block-columns-is-layout-flex\">\n<div class=\"wp-block-column is-layout-flow wp-block-column-is-layout-flow\">\n<h2 class=\"wp-block-heading\">Cobertures de risc<\/h2>\n\n\n\n<p>Tindran la condici\u00f3 de beneficiari aquelles persones f\u00edsiques que, havent estat o no Part\u00edcips de el Pla, tinguin dret a la percepci\u00f3 de prestacions establertes en les especificacions. L&#8217;alta com Beneficiari tindr\u00e0 lloc quan es produeixi el fet causant de el dret a les prestacions previstes en el Pla. Tamb\u00e9 la persona<br>f\u00edsica que en el moment de la producci\u00f3 de el fet causant tingui la condici\u00f3 de part\u00edcip o Part\u00edcip en Suspens.<\/p>\n\n\n\n<p>En el cas de la conting\u00e8ncia de mort d&#8217;un Part\u00edcip tindran la condici\u00f3 de Beneficiaris les persones designades pel mateix Part\u00edcip, a excepci\u00f3 de les prestacions m\u00ednimes garantides en forma de capital de les que seran beneficiaris els seus c\u00f2njuges i\/o fills, d&#8217;acord amb el que disposen les presents Especificacions.<br>Hi ha altres sup\u00f2sits que es contemplen en les especificacions del pla que ostenten la condici\u00f3 de beneficiari.<\/p>\n\n\n\n<p>Les prestacions consisteixen en el reconeixement d&#8217;un dret econ\u00f2mic a favor dels beneficiaris del present Pla de Pensions una vegada esdevinguda la conting\u00e8ncia coberta pel mateix i es regulen pel que es preveu en els articles de les especificacions del nostre pla d&#8217;ocupaci\u00f3. <\/p>\n\n\n\n<p>Es garantiran les <strong>prestacions de risc<\/strong> previstes en les Especificacions per defunci\u00f3 i incapacitat permanent previstes en les mateixes, les quals s&#8217;han d&#8217;assegurar, quan aix\u00ed correspongui, pel Pla de Pensions, en qualitat de beneficiari i beneficiari, sempre que els drets consolidats de l&#8217;part\u00edcip (m\u00e9s, si s&#8217;escau, les prestacions derivades de la p\u00f2lissa o p\u00f2lisses d&#8217;excessos) en el Pla de Pensions en el moment de formalitzar la prestaci\u00f3, no fossin suficients.<\/p>\n\n\n\n<h2 class=\"wp-block-heading\">Prestaci\u00f3 per mort<\/h2>\n\n\n\n<p>El dret a aquesta prestaci\u00f3 es reporta a favor del\/s Beneficiari\/s des del moment d&#8217;oc\u00f3rrer la mort del Part\u00edcip, Part\u00edcip en suspens o Beneficiari, en el seu cas. <\/p>\n\n\n\n<p>Les prestacions per mort del part\u00edcip consistiran en un nombre determinat d&#8217;anualitats de salari pensionable, que dependran del col\u00b7lectiu d&#8217;origen del part\u00edcip, aix\u00ed com de la seva situaci\u00f3 familiar en el moment de la conting\u00e8ncia i que mai no seran inferiors a dues anualitats pensionables.<\/p>\n\n\n\n<p>Per a les persones que inici\u00efn la relaci\u00f3 laboral amb el Promotor a partir de l&#8217;1 de gener de 2022, la prestaci\u00f3 consistir\u00e0 en dues anualitats del salari pensionable vigent en aquell moment.<br>El beneficiari podr\u00e0 optar per percebre la prestaci\u00f3 en qualsevol de les formes contemplades a les especificacions del pla vigents en cada moment.<\/p>\n\n\n\n<h4 class=\"wp-block-heading\">Drets consolidats<\/h4>\n\n\n\n<p>Si aquestes prestacions no esgotessin els drets consolidats del part\u00edcip, la quantitat romanent podr\u00e0 pagar-se en qualsevol de les modalitats previstes per al cobrament de la prestaci\u00f3 per Jubilaci\u00f3.<\/p>\n\n\n\n<p><\/p>\n<\/div>\n<\/div>\n\n\n\n<div class=\"wp-block-columns is-layout-flex wp-container-core-columns-is-layout-9d6595d7 wp-block-columns-is-layout-flex\">\n<div class=\"wp-block-column is-layout-flow wp-block-column-is-layout-flow\">\n<h2 class=\"wp-block-heading\">Prestaci\u00f3 per incapacitat permanent<\/h2>\n\n\n\n<p>S&#8217;inclou la Incapacitat Absoluta i Permanent, la Gran Invalidesa i la Incapacitat Permanent Total per a la professi\u00f3 habitual, cadascuna de les quals requerir\u00e0 la concurr\u00e8ncia de les condicions perqu\u00e8, d&#8217;acord amb la legislaci\u00f3 vigent a cada moment, siguin admeses tals situacions per l&#8217;Organisme P\u00fablic competent, actualment l&#8217;Institut Nacional de la Seguretat Social o \u00f2rgan que li substitueixi. La conting\u00e8ncia d&#8217;incapacitat permanent s&#8217;entendr\u00e0 produ\u00efda al mateix temps que es reconegui legalment la primera de qualsevol de les anteriors situacions (Incapacitat Absoluta i Permanent, Gran Invalidesa i Incapacitat Permanent Total), sense que s&#8217;entengui novament produ\u00efda per passar d&#8217;una situaci\u00f3 a una altra, excepte en el cas de pr\u00e8via revisi\u00f3 per millora que motivi una nova alta com a part\u00edcip.<\/p>\n\n\n\n<p>Tindrem en compte nom\u00e9s la Invalidesa del Part\u00edcip, les prestacions consistiran en un nombre d&#8217;anualitats del salari pensionable del part\u00edcip en el moment de l&#8217;esdeveniment de la conting\u00e8ncia, que dependran del col\u00b7lectiu d&#8217;origen del part\u00edcip.<\/p>\n\n\n\n<p>A partir de l&#8217;1 de gener de 2022, la quantia de les prestacions per incapacitat per a les persones que inici\u00efn la seva relaci\u00f3 laboral amb el promotor seran les determinades a les especificacions del Pla de Pensions, aix\u00ed per: <\/p>\n\n\n\n<ul class=\"wp-block-list\"><li><strong>Incapacitat permanent total:<\/strong> L&#8217;incapacitat percebr\u00e0 dues anualitats del salari pensionable.<\/li><li><strong>Incapacitat permanent absoluta:<\/strong> L&#8217;incapacitat percebr\u00e0 tres anualitats del salari pensionable.<\/li><li><strong>Gran invalidesa:<\/strong> L&#8217;incapacitat percebr\u00e0 4 anualitats del salari pensionable.<\/li><\/ul>\n\n\n\n<p>A partir de l&#8217;1 de gener de 2022, quan la declaraci\u00f3 d&#8217;incapacitat tingui car\u00e0cter de revisable per millora, amb reserva del lloc de treball, la prestaci\u00f3 inicial es podr\u00e0 percebre com a m\u00e0xim per l&#8217;import que es correspongui amb els drets consolidats al Pla de Pensions i p\u00f2lisses d&#8217;excessos fiscals i reglamentaris a la data de la conting\u00e8ncia. La prestaci\u00f3 es podr\u00e0 instrumentar en qualsevol de les formes previstes per les especificacions del Pla a cada moment. En cas que la Seguretat Social resolgui la incorporaci\u00f3 de la persona a la feina, finalitzar\u00e0 la prestaci\u00f3 per Incapacitat Permanent, quedant si escau, els drets consolidats no cobrats, com un fons de capitalitzaci\u00f3 del part\u00edcip.<\/p>\n\n\n\n<h3 class=\"wp-block-heading\">Suposat de reincorporaci\u00f3 de l&#8217;incapacitat permanent<\/h3>\n\n\n\n<p>En cas que no es mantingui la conting\u00e8ncia que va donar origen al pagament de la prestaci\u00f3, el Pla deixar\u00e0 de cobrir aquesta conting\u00e8ncia. Els drets consolidats no cobrats es mantindran al fons del part\u00edcip. Si el part\u00edcip ha disposat part dels drets en declarar-se la conting\u00e8ncia revisable, l&#8217;import disposat es descompta de les prestacions futures del pla, incloent-hi la revaloraci\u00f3 que aquests imports hagin experimentat en Pla de Pensions des de la seva disposici\u00f3 fins a la data de la futura conting\u00e8ncia.<\/p>\n<\/div>\n<\/div>\n\n\n\n<p><\/p>\n","protected":false},"excerpt":{"rendered":"<p>Cobertures de risc Tindran la condici\u00f3 de beneficiari aquelles persones f\u00edsiques que, havent estat o no Part\u00edcips de el Pla, tinguin dret a la percepci\u00f3 de prestacions establertes en les especificacions. L&#8217;alta com Beneficiari tindr\u00e0 lloc quan es produeixi el fet causant de el dret a les prestacions previstes en el Pla. Tamb\u00e9 la personaf\u00edsica [&hellip;]<\/p>\n","protected":false},"author":2,"featured_media":0,"parent":2075,"menu_order":0,"comment_status":"closed","ping_status":"closed","template":"","meta":{"_acf_changed":false,"_monsterinsights_skip_tracking":false,"_monsterinsights_sitenote_active":false,"_monsterinsights_sitenote_note":"","_monsterinsights_sitenote_category":0,"footnotes":""},"class_list":["post-2094","page","type-page","status-publish","hentry"],"acf":[],"yoast_head":"<!-- This site is optimized with the Yoast SEO plugin v27.3 - https:\/\/yoast.com\/product\/yoast-seo-wordpress\/ -->\n<title>Beneficiari - Plan de Pensiones de Empleo (PC30)<\/title>\n<meta name=\"robots\" content=\"index, follow, max-snippet:-1, max-image-preview:large, max-video-preview:-1\" \/>\n<link rel=\"canonical\" href=\"https:\/\/www.fpecaixa.info\/participe-y-beneficiario\/beneficiario\/\" \/>\n<meta property=\"og:locale\" content=\"ca_ES\" \/>\n<meta property=\"og:type\" content=\"article\" \/>\n<meta property=\"og:title\" content=\"Beneficiari - Plan de Pensiones de Empleo (PC30)\" \/>\n<meta property=\"og:description\" content=\"Cobertures de risc Tindran la condici\u00f3 de beneficiari aquelles persones f\u00edsiques que, havent estat o no Part\u00edcips de el Pla, tinguin dret a la percepci\u00f3 de prestacions establertes en les especificacions. L&#8217;alta com Beneficiari tindr\u00e0 lloc quan es produeixi el fet causant de el dret a les prestacions previstes en el Pla. Tamb\u00e9 la personaf\u00edsica [&hellip;]\" \/>\n<meta property=\"og:url\" content=\"https:\/\/www.fpecaixa.info\/participe-y-beneficiario\/beneficiario\/\" \/>\n<meta property=\"og:site_name\" content=\"Plan de Pensiones de Empleo (PC30)\" \/>\n<meta property=\"article:modified_time\" content=\"2022-01-11T12:48:52+00:00\" \/>\n<meta name=\"twitter:card\" content=\"summary_large_image\" \/>\n<meta name=\"twitter:label1\" content=\"Temps estimat de lectura\" \/>\n\t<meta name=\"twitter:data1\" content=\"7 minuts\" \/>\n<script type=\"application\/ld+json\" class=\"yoast-schema-graph\">{\"@context\":\"https:\\\/\\\/schema.org\",\"@graph\":[{\"@type\":\"WebPage\",\"@id\":\"https:\\\/\\\/www.fpecaixa.info\\\/participe-y-beneficiario\\\/beneficiario\\\/\",\"url\":\"https:\\\/\\\/www.fpecaixa.info\\\/participe-y-beneficiario\\\/beneficiario\\\/\",\"name\":\"Beneficiari - Plan de Pensiones de Empleo (PC30)\",\"isPartOf\":{\"@id\":\"https:\\\/\\\/www.fpecaixa.info\\\/#website\"},\"datePublished\":\"2021-08-30T12:14:50+00:00\",\"dateModified\":\"2022-01-11T12:48:52+00:00\",\"breadcrumb\":{\"@id\":\"https:\\\/\\\/www.fpecaixa.info\\\/participe-y-beneficiario\\\/beneficiario\\\/#breadcrumb\"},\"inLanguage\":\"ca\",\"potentialAction\":[{\"@type\":\"ReadAction\",\"target\":[\"https:\\\/\\\/www.fpecaixa.info\\\/participe-y-beneficiario\\\/beneficiario\\\/\"]}]},{\"@type\":\"BreadcrumbList\",\"@id\":\"https:\\\/\\\/www.fpecaixa.info\\\/participe-y-beneficiario\\\/beneficiario\\\/#breadcrumb\",\"itemListElement\":[{\"@type\":\"ListItem\",\"position\":1,\"name\":\"Inici\",\"item\":\"https:\\\/\\\/www.fpecaixa.info\\\/ca\\\/\"},{\"@type\":\"ListItem\",\"position\":2,\"name\":\"Part\u00edcip i Beneficiari\",\"item\":\"https:\\\/\\\/www.fpecaixa.info\\\/ca\\\/participi-i-beneficiari\\\/\"},{\"@type\":\"ListItem\",\"position\":3,\"name\":\"Beneficiari\"}]},{\"@type\":\"WebSite\",\"@id\":\"https:\\\/\\\/www.fpecaixa.info\\\/#website\",\"url\":\"https:\\\/\\\/www.fpecaixa.info\\\/\",\"name\":\"Plan de Pensiones de Empleo (PC30)\",\"description\":\"Web informativa para el Plan de Pensiones de Empleo (PC30) de trabajadores de Caixabank\",\"potentialAction\":[{\"@type\":\"SearchAction\",\"target\":{\"@type\":\"EntryPoint\",\"urlTemplate\":\"https:\\\/\\\/www.fpecaixa.info\\\/?s={search_term_string}\"},\"query-input\":{\"@type\":\"PropertyValueSpecification\",\"valueRequired\":true,\"valueName\":\"search_term_string\"}}],\"inLanguage\":\"ca\"}]}<\/script>\n<!-- \/ Yoast SEO plugin. -->","yoast_head_json":{"title":"Beneficiari - Plan de Pensiones de Empleo (PC30)","robots":{"index":"index","follow":"follow","max-snippet":"max-snippet:-1","max-image-preview":"max-image-preview:large","max-video-preview":"max-video-preview:-1"},"canonical":"https:\/\/www.fpecaixa.info\/participe-y-beneficiario\/beneficiario\/","og_locale":"ca_ES","og_type":"article","og_title":"Beneficiari - Plan de Pensiones de Empleo (PC30)","og_description":"Cobertures de risc Tindran la condici\u00f3 de beneficiari aquelles persones f\u00edsiques que, havent estat o no Part\u00edcips de el Pla, tinguin dret a la percepci\u00f3 de prestacions establertes en les especificacions. L&#8217;alta com Beneficiari tindr\u00e0 lloc quan es produeixi el fet causant de el dret a les prestacions previstes en el Pla. Tamb\u00e9 la personaf\u00edsica [&hellip;]","og_url":"https:\/\/www.fpecaixa.info\/participe-y-beneficiario\/beneficiario\/","og_site_name":"Plan de Pensiones de Empleo (PC30)","article_modified_time":"2022-01-11T12:48:52+00:00","twitter_card":"summary_large_image","twitter_misc":{"Temps estimat de lectura":"7 minuts"},"schema":{"@context":"https:\/\/schema.org","@graph":[{"@type":"WebPage","@id":"https:\/\/www.fpecaixa.info\/participe-y-beneficiario\/beneficiario\/","url":"https:\/\/www.fpecaixa.info\/participe-y-beneficiario\/beneficiario\/","name":"Beneficiari - Plan de Pensiones de Empleo (PC30)","isPartOf":{"@id":"https:\/\/www.fpecaixa.info\/#website"},"datePublished":"2021-08-30T12:14:50+00:00","dateModified":"2022-01-11T12:48:52+00:00","breadcrumb":{"@id":"https:\/\/www.fpecaixa.info\/participe-y-beneficiario\/beneficiario\/#breadcrumb"},"inLanguage":"ca","potentialAction":[{"@type":"ReadAction","target":["https:\/\/www.fpecaixa.info\/participe-y-beneficiario\/beneficiario\/"]}]},{"@type":"BreadcrumbList","@id":"https:\/\/www.fpecaixa.info\/participe-y-beneficiario\/beneficiario\/#breadcrumb","itemListElement":[{"@type":"ListItem","position":1,"name":"Inici","item":"https:\/\/www.fpecaixa.info\/ca\/"},{"@type":"ListItem","position":2,"name":"Part\u00edcip i Beneficiari","item":"https:\/\/www.fpecaixa.info\/ca\/participi-i-beneficiari\/"},{"@type":"ListItem","position":3,"name":"Beneficiari"}]},{"@type":"WebSite","@id":"https:\/\/www.fpecaixa.info\/#website","url":"https:\/\/www.fpecaixa.info\/","name":"Plan de Pensiones de Empleo (PC30)","description":"Web informativa para el Plan de Pensiones de Empleo (PC30) de trabajadores de Caixabank","potentialAction":[{"@type":"SearchAction","target":{"@type":"EntryPoint","urlTemplate":"https:\/\/www.fpecaixa.info\/?s={search_term_string}"},"query-input":{"@type":"PropertyValueSpecification","valueRequired":true,"valueName":"search_term_string"}}],"inLanguage":"ca"}]}},"_links":{"self":[{"href":"https:\/\/www.fpecaixa.info\/ca\/wp-json\/wp\/v2\/pages\/2094","targetHints":{"allow":["GET"]}}],"collection":[{"href":"https:\/\/www.fpecaixa.info\/ca\/wp-json\/wp\/v2\/pages"}],"about":[{"href":"https:\/\/www.fpecaixa.info\/ca\/wp-json\/wp\/v2\/types\/page"}],"author":[{"embeddable":true,"href":"https:\/\/www.fpecaixa.info\/ca\/wp-json\/wp\/v2\/users\/2"}],"replies":[{"embeddable":true,"href":"https:\/\/www.fpecaixa.info\/ca\/wp-json\/wp\/v2\/comments?post=2094"}],"version-history":[{"count":15,"href":"https:\/\/www.fpecaixa.info\/ca\/wp-json\/wp\/v2\/pages\/2094\/revisions"}],"predecessor-version":[{"id":3926,"href":"https:\/\/www.fpecaixa.info\/ca\/wp-json\/wp\/v2\/pages\/2094\/revisions\/3926"}],"up":[{"embeddable":true,"href":"https:\/\/www.fpecaixa.info\/ca\/wp-json\/wp\/v2\/pages\/2075"}],"wp:attachment":[{"href":"https:\/\/www.fpecaixa.info\/ca\/wp-json\/wp\/v2\/media?parent=2094"}],"curies":[{"name":"wp","href":"https:\/\/api.w.org\/{rel}","templated":true}]}}