{"id":2118,"date":"2021-09-15T13:44:12","date_gmt":"2021-09-15T13:44:12","guid":{"rendered":"http:\/\/www.fpecaixa.info\/politica-de-cookies\/"},"modified":"2023-05-04T17:58:42","modified_gmt":"2023-05-04T17:58:42","slug":"politica-de-cookies","status":"publish","type":"page","link":"https:\/\/www.fpecaixa.info\/ca\/politica-de-cookies\/","title":{"rendered":"Pol\u00edtica de cookies"},"content":{"rendered":"\n<div class=\"wp-block-columns is-layout-flex wp-container-core-columns-is-layout-9d6595d7 wp-block-columns-is-layout-flex\">\n<div class=\"wp-block-column is-layout-flow wp-block-column-is-layout-flow\">\n<p>Aquest lloc web \u00fanicament utilitza galetes t\u00e8cniques que permeten el funcionament i la prestaci\u00f3 dels serveis oferts pel mateix<\/p>\n<\/div>\n<\/div>\n\n<div class=\"wp-block-columns is-layout-flex wp-container-core-columns-is-layout-9d6595d7 wp-block-columns-is-layout-flex\">\n<div class=\"wp-block-column is-layout-flow wp-block-column-is-layout-flow\">\n<h2 class=\"wp-block-heading\">Que s\u00f3n les cookies<\/h2>\n\n\n\n<p>Les cookies s\u00f3n petits arxius d\u2019informaci\u00f3 que s\u2019envien i emmagatzemen en l\u2019equip des del qual s\u2019accedeix a la Web <a href=\"http:\/\/fpecaixa.info\/\">http:\/\/fpecaixa.info\/<\/a> (PC o ordinador personal, tel\u00e8fon m\u00f2bil, tauleta o televisi\u00f3 connectada) facilitant l\u2019\u00fas d\u2019aquesta, per a oferir un millor servei.<\/p>\n\n\n\n<p>La web <a href=\"http:\/\/fpecaixa.info\/\">http:\/\/fpecaixa.info\/<\/a> utilitiza cookies propies que ens ajuden a millorar el proces de navegaci\u00f3.<\/p>\n\n\n\n<p>Les cookies que utilitza la Web no danyen el teu equip. \u00danicament, serveixen per a millorar els serveis oferts. Algunes s\u00f3n estrictament necess\u00e0ries perqu\u00e8 la p\u00e0gina funcioni b\u00e9 (t\u00e8cniques i de personalitzaci\u00f3) i altres serveixen per a millorar el rendiment i experi\u00e8ncia com a usuari (an\u00e0lisi, publicit\u00e0ries i de publicitat comportamental).<\/p>\n\n\n\n<p>La Web utilitza tant cookies de sessi\u00f3, temporals, com a cookies permanents. Les cookies de sessi\u00f3 emmagatzemen dades mentre l&#8217;usuari accedeix a la Web, caduquen en tancar el navegador; mentre que les cookies permanents emmagatzemen les dades en el terminal perqu\u00e8 siguin accedits i utilitzats en m\u00e9s d&#8217;una sessi\u00f3, solen caducar quan transcorre un per\u00edode de temps que pot oscil\u00b7lar entre els dos mesos i els dos anys.<\/p>\n\n\n\n<h3 class=\"wp-block-heading\">Desactivaci\u00f3 de cookies<\/h3>\n\n\n\n<p>Tens l&#8217;opci\u00f3 de permetre, bloquejar o eliminar les cookies instal\u00b7lades en el teu equip mitjan\u00e7ant la configuraci\u00f3 de les opcions del navegador instal\u00b7lat en el seu equip. En desactivar cookies, alguns dels serveis disponibles podrien deixar d&#8217;estar operatius. La manera de deshabilitar les cookies \u00e9s diferent per a cada navegador, per\u00f2 normalment pot fer-se des del men\u00fa Eines o Opcions. Tamb\u00e9 pot consultar-se el men\u00fa d&#8217;Ajuda del navegador on pots trobar instruccions. L&#8217;usuari podr\u00e0 -en qualsevol moment- triar quines cookies vol que funcionin en aquest lloc web mitjan\u00e7ant la configuraci\u00f3 del navegador, per exemple:<\/p>\n\n\n\n<ul class=\"wp-block-list\"><li>Microsoft Internet Explorer<\/li><li>Mozilla Firefox<\/li><li>Chrome<\/li><li>Safari<\/li><li>Opera<\/li><\/ul>\n\n\n\n<p>Actualment en la WEB s&#8217;utilitzen els seg\u00fcents tipus de cookies:<\/p>\n\n\n\n<h3 class=\"has-text-align-center wp-block-heading\">Cookies Pr\u00f2pies<\/h3>\n\n\n\n<figure class=\"wp-block-table aligncenter is-style-stripes\"><table><tbody><tr><th>Cookies<\/th><th>Finalitat<\/th><th>Opt-out<\/th><\/tr><tr><th>Cookies de Funcionalitat<\/th><td>Gestionen la correcta navegaci\u00f3 a trav\u00e9s de la Web i els seus continguts, permetent identificar les sessions d&#8217;usuari i protegir el seu \u00fas.<\/td><td>N\/A<\/td><\/tr><\/tbody><\/table><\/figure>\n<\/div>\n<\/div>\n\n<div class=\"wp-block-columns is-layout-flex wp-container-core-columns-is-layout-9d6595d7 wp-block-columns-is-layout-flex\">\n<div class=\"wp-block-column is-layout-flow wp-block-column-is-layout-flow\" style=\"flex-basis:100%\">\n<p>Qualsevol dubte o q\u00fcesti\u00f3 que tingui sobre aquesta pol\u00edtica de cookies, pot contactar amb Caixa Bank.<\/p>\n\n\n\n<div class=\"wp-block-group\"><div class=\"wp-block-group__inner-container is-layout-flow wp-block-group-is-layout-flow\">\n<p>*Caixa Bank no es fa responsable del contingut i veracitat de les pol\u00edtiques de privacitat dels tercers incloses en aquesta pol\u00edtica de cookies.<\/p>\n<\/div><\/div>\n<\/div>\n<\/div>\n","protected":false},"excerpt":{"rendered":"<p>Aquest lloc web \u00fanicament utilitza galetes t\u00e8cniques que permeten el funcionament i la prestaci\u00f3 dels serveis oferts pel mateix Que s\u00f3n les cookies Les cookies s\u00f3n petits arxius d\u2019informaci\u00f3 que s\u2019envien i emmagatzemen en l\u2019equip des del qual s\u2019accedeix a la Web http:\/\/fpecaixa.info\/ (PC o ordinador personal, tel\u00e8fon m\u00f2bil, tauleta o televisi\u00f3 connectada) facilitant l\u2019\u00fas [&hellip;]<\/p>\n","protected":false},"author":1,"featured_media":0,"parent":0,"menu_order":0,"comment_status":"closed","ping_status":"closed","template":"","meta":{"_acf_changed":false,"_monsterinsights_skip_tracking":false,"_monsterinsights_sitenote_active":false,"_monsterinsights_sitenote_note":"","_monsterinsights_sitenote_category":0,"footnotes":""},"class_list":["post-2118","page","type-page","status-publish","hentry"],"acf":[],"yoast_head":"<!-- This site is optimized with the Yoast SEO plugin v27.5 - https:\/\/yoast.com\/product\/yoast-seo-wordpress\/ -->\n<title>Pol\u00edtica de cookies - Plan de Pensiones de Empleo (PC30)<\/title>\n<meta name=\"robots\" content=\"index, follow, max-snippet:-1, max-image-preview:large, max-video-preview:-1\" \/>\n<link rel=\"canonical\" href=\"https:\/\/www.fpecaixa.info\/ca\/politica-de-cookies\/\" \/>\n<meta property=\"og:locale\" content=\"ca_ES\" \/>\n<meta property=\"og:type\" content=\"article\" \/>\n<meta property=\"og:title\" content=\"Pol\u00edtica de cookies - Plan de Pensiones de Empleo (PC30)\" \/>\n<meta property=\"og:description\" content=\"Aquest lloc web \u00fanicament utilitza galetes t\u00e8cniques que permeten el funcionament i la prestaci\u00f3 dels serveis oferts pel mateix Que s\u00f3n les cookies Les cookies s\u00f3n petits arxius d\u2019informaci\u00f3 que s\u2019envien i emmagatzemen en l\u2019equip des del qual s\u2019accedeix a la Web http:\/\/fpecaixa.info\/ (PC o ordinador personal, tel\u00e8fon m\u00f2bil, tauleta o televisi\u00f3 connectada) facilitant l\u2019\u00fas [&hellip;]\" \/>\n<meta property=\"og:url\" content=\"https:\/\/www.fpecaixa.info\/ca\/politica-de-cookies\/\" \/>\n<meta property=\"og:site_name\" content=\"Plan de Pensiones de Empleo (PC30)\" \/>\n<meta property=\"article:modified_time\" content=\"2023-05-04T17:58:42+00:00\" \/>\n<meta name=\"twitter:card\" content=\"summary_large_image\" \/>\n<meta name=\"twitter:label1\" content=\"Temps estimat de lectura\" \/>\n\t<meta name=\"twitter:data1\" content=\"2 minuts\" \/>\n<script type=\"application\/ld+json\" class=\"yoast-schema-graph\">{\"@context\":\"https:\\\/\\\/schema.org\",\"@graph\":[{\"@type\":\"WebPage\",\"@id\":\"https:\\\/\\\/www.fpecaixa.info\\\/ca\\\/politica-de-cookies\\\/\",\"url\":\"https:\\\/\\\/www.fpecaixa.info\\\/ca\\\/politica-de-cookies\\\/\",\"name\":\"Pol\u00edtica de cookies - Plan de Pensiones de Empleo (PC30)\",\"isPartOf\":{\"@id\":\"https:\\\/\\\/www.fpecaixa.info\\\/#website\"},\"datePublished\":\"2021-09-15T13:44:12+00:00\",\"dateModified\":\"2023-05-04T17:58:42+00:00\",\"breadcrumb\":{\"@id\":\"https:\\\/\\\/www.fpecaixa.info\\\/ca\\\/politica-de-cookies\\\/#breadcrumb\"},\"inLanguage\":\"ca\",\"potentialAction\":[{\"@type\":\"ReadAction\",\"target\":[\"https:\\\/\\\/www.fpecaixa.info\\\/ca\\\/politica-de-cookies\\\/\"]}]},{\"@type\":\"BreadcrumbList\",\"@id\":\"https:\\\/\\\/www.fpecaixa.info\\\/ca\\\/politica-de-cookies\\\/#breadcrumb\",\"itemListElement\":[{\"@type\":\"ListItem\",\"position\":1,\"name\":\"Inici\",\"item\":\"https:\\\/\\\/www.fpecaixa.info\\\/ca\\\/\"},{\"@type\":\"ListItem\",\"position\":2,\"name\":\"Pol\u00edtica de cookies\"}]},{\"@type\":\"WebSite\",\"@id\":\"https:\\\/\\\/www.fpecaixa.info\\\/#website\",\"url\":\"https:\\\/\\\/www.fpecaixa.info\\\/\",\"name\":\"Plan de Pensiones de Empleo (PC30)\",\"description\":\"Web informativa para el Plan de Pensiones de Empleo (PC30) de trabajadores de Caixabank\",\"potentialAction\":[{\"@type\":\"SearchAction\",\"target\":{\"@type\":\"EntryPoint\",\"urlTemplate\":\"https:\\\/\\\/www.fpecaixa.info\\\/?s={search_term_string}\"},\"query-input\":{\"@type\":\"PropertyValueSpecification\",\"valueRequired\":true,\"valueName\":\"search_term_string\"}}],\"inLanguage\":\"ca\"}]}<\/script>\n<!-- \/ Yoast SEO plugin. -->","yoast_head_json":{"title":"Pol\u00edtica de cookies - Plan de Pensiones de Empleo (PC30)","robots":{"index":"index","follow":"follow","max-snippet":"max-snippet:-1","max-image-preview":"max-image-preview:large","max-video-preview":"max-video-preview:-1"},"canonical":"https:\/\/www.fpecaixa.info\/ca\/politica-de-cookies\/","og_locale":"ca_ES","og_type":"article","og_title":"Pol\u00edtica de cookies - Plan de Pensiones de Empleo (PC30)","og_description":"Aquest lloc web \u00fanicament utilitza galetes t\u00e8cniques que permeten el funcionament i la prestaci\u00f3 dels serveis oferts pel mateix Que s\u00f3n les cookies Les cookies s\u00f3n petits arxius d\u2019informaci\u00f3 que s\u2019envien i emmagatzemen en l\u2019equip des del qual s\u2019accedeix a la Web http:\/\/fpecaixa.info\/ (PC o ordinador personal, tel\u00e8fon m\u00f2bil, tauleta o televisi\u00f3 connectada) facilitant l\u2019\u00fas [&hellip;]","og_url":"https:\/\/www.fpecaixa.info\/ca\/politica-de-cookies\/","og_site_name":"Plan de Pensiones de Empleo (PC30)","article_modified_time":"2023-05-04T17:58:42+00:00","twitter_card":"summary_large_image","twitter_misc":{"Temps estimat de lectura":"2 minuts"},"schema":{"@context":"https:\/\/schema.org","@graph":[{"@type":"WebPage","@id":"https:\/\/www.fpecaixa.info\/ca\/politica-de-cookies\/","url":"https:\/\/www.fpecaixa.info\/ca\/politica-de-cookies\/","name":"Pol\u00edtica de cookies - Plan de Pensiones de Empleo (PC30)","isPartOf":{"@id":"https:\/\/www.fpecaixa.info\/#website"},"datePublished":"2021-09-15T13:44:12+00:00","dateModified":"2023-05-04T17:58:42+00:00","breadcrumb":{"@id":"https:\/\/www.fpecaixa.info\/ca\/politica-de-cookies\/#breadcrumb"},"inLanguage":"ca","potentialAction":[{"@type":"ReadAction","target":["https:\/\/www.fpecaixa.info\/ca\/politica-de-cookies\/"]}]},{"@type":"BreadcrumbList","@id":"https:\/\/www.fpecaixa.info\/ca\/politica-de-cookies\/#breadcrumb","itemListElement":[{"@type":"ListItem","position":1,"name":"Inici","item":"https:\/\/www.fpecaixa.info\/ca\/"},{"@type":"ListItem","position":2,"name":"Pol\u00edtica de cookies"}]},{"@type":"WebSite","@id":"https:\/\/www.fpecaixa.info\/#website","url":"https:\/\/www.fpecaixa.info\/","name":"Plan de Pensiones de Empleo (PC30)","description":"Web informativa para el Plan de Pensiones de Empleo (PC30) de trabajadores de Caixabank","potentialAction":[{"@type":"SearchAction","target":{"@type":"EntryPoint","urlTemplate":"https:\/\/www.fpecaixa.info\/?s={search_term_string}"},"query-input":{"@type":"PropertyValueSpecification","valueRequired":true,"valueName":"search_term_string"}}],"inLanguage":"ca"}]}},"_links":{"self":[{"href":"https:\/\/www.fpecaixa.info\/ca\/wp-json\/wp\/v2\/pages\/2118","targetHints":{"allow":["GET"]}}],"collection":[{"href":"https:\/\/www.fpecaixa.info\/ca\/wp-json\/wp\/v2\/pages"}],"about":[{"href":"https:\/\/www.fpecaixa.info\/ca\/wp-json\/wp\/v2\/types\/page"}],"author":[{"embeddable":true,"href":"https:\/\/www.fpecaixa.info\/ca\/wp-json\/wp\/v2\/users\/1"}],"replies":[{"embeddable":true,"href":"https:\/\/www.fpecaixa.info\/ca\/wp-json\/wp\/v2\/comments?post=2118"}],"version-history":[{"count":10,"href":"https:\/\/www.fpecaixa.info\/ca\/wp-json\/wp\/v2\/pages\/2118\/revisions"}],"predecessor-version":[{"id":4828,"href":"https:\/\/www.fpecaixa.info\/ca\/wp-json\/wp\/v2\/pages\/2118\/revisions\/4828"}],"wp:attachment":[{"href":"https:\/\/www.fpecaixa.info\/ca\/wp-json\/wp\/v2\/media?parent=2118"}],"curies":[{"name":"wp","href":"https:\/\/api.w.org\/{rel}","templated":true}]}}