{"id":2119,"date":"2021-09-15T13:42:12","date_gmt":"2021-09-15T13:42:12","guid":{"rendered":"http:\/\/www.fpecaixa.info\/politica-de-privacitat\/"},"modified":"2024-04-12T07:35:39","modified_gmt":"2024-04-12T07:35:39","slug":"politica-de-privacitat","status":"publish","type":"page","link":"https:\/\/www.fpecaixa.info\/ca\/politica-de-privacitat\/","title":{"rendered":"Pol\u00edtica de privacitat"},"content":{"rendered":"\n<div class=\"wp-block-columns is-layout-flex wp-container-core-columns-is-layout-9d6595d7 wp-block-columns-is-layout-flex\">\n<div class=\"wp-block-column is-layout-flow wp-block-column-is-layout-flow\">\n<p>En compliment del que estableix la normativa de protecci\u00f3 de dades, \u00e9s a dir, el Reglament (UE) 2016\/679 del Parlament Europeu i del Consell de 27 d&#8217;abril de 2016 relatiu a la protecci\u00f3 de les persones f\u00edsiques pel que fa al tractament de dades personals ia la lliure circulaci\u00f3 d&#8217;aquestes dades i pel qual es deroga la Directiva 95\/46\/CE (d&#8217;ara endavant, el RGPD), la Llei Org\u00e0nica 3\/2018, del 5 de desembre, de Protecci\u00f3 de Dades Personals i garantia dels drets digitals (d&#8217;ara endavant, LOPDGDD), aix\u00ed com una altra normativa sectorial aplicable, us informem que:<\/p>\n\n\n\n<ul class=\"wp-block-list\"><li>El responsable del tractament de les seves dades \u00e9s Pensions Caixa 30, Fons de Pensions amb NIF V62237201 i domicili al Passeig de la Castellana 189 Madrid 28046 Madrid (Espanya).<\/li><li>Les dades a qu\u00e8 accedim com a conseq\u00fc\u00e8ncia de la vostra navegaci\u00f3 o consulta realitzades a trav\u00e9s del lloc web, seran recollides per la Comissi\u00f3 de Control del Pla de Pensions o la seva Oficina del Part\u00edcip i podran ser gestionades per la mateixa Comissi\u00f3 de Control o l&#8217;Entitat Gestora del Fons de Pensions, segons en l&#8217;\u00e0mbit d&#8217;actuaci\u00f3 que tingui atribu\u00efda una o altra, d&#8217;acord amb les funcions que els s\u00f3n assignades per llei.<\/li><li>Per tant, el tractament de les vostres dades segons per a qu\u00e8 hagin estat demanades es podr\u00e0 basar en el consentiment, l&#8217;execuci\u00f3 de les relacions contractuals, per complir amb obligacions normatives i tractaments basats en l&#8217;inter\u00e8s leg\u00edtim del Pla.<\/li><li>Podeu exercir els vostres drets en relaci\u00f3 amb les vostres dades personals dirigint-vos a Passeig de la Castellana 189, 28046 Madrid (Espanya), en els termes establerts a la normativa de protecci\u00f3 de dades. Tamb\u00e9 podeu presentar una reclamaci\u00f3 davant l&#8217;Ag\u00e8ncia Espanyola de Protecci\u00f3 de dades a wwww.aepd.es<\/li><li>Pel que fa a la Pol\u00edtica de privadesa de l&#8217;Entitat Gestora pot consultar-la al seg\u00fcent enlla\u00e7: https:\/\/www.vidacaixa.es\/proteccion-de-datos<\/li><\/ul>\n<\/div>\n<\/div>\n","protected":false},"excerpt":{"rendered":"<p>En compliment del que estableix la normativa de protecci\u00f3 de dades, \u00e9s a dir, el Reglament (UE) 2016\/679 del Parlament Europeu i del Consell de 27 d&#8217;abril de 2016 relatiu a la protecci\u00f3 de les persones f\u00edsiques pel que fa al tractament de dades personals ia la lliure circulaci\u00f3 d&#8217;aquestes dades i pel qual es [&hellip;]<\/p>\n","protected":false},"author":1,"featured_media":0,"parent":0,"menu_order":0,"comment_status":"closed","ping_status":"closed","template":"","meta":{"_acf_changed":false,"_monsterinsights_skip_tracking":false,"_monsterinsights_sitenote_active":false,"_monsterinsights_sitenote_note":"","_monsterinsights_sitenote_category":0,"footnotes":""},"class_list":["post-2119","page","type-page","status-publish","hentry"],"acf":[],"yoast_head":"<!-- This site is optimized with the Yoast SEO plugin v27.5 - https:\/\/yoast.com\/product\/yoast-seo-wordpress\/ -->\n<title>Pol\u00edtica de privacitat - Plan de Pensiones de Empleo (PC30)<\/title>\n<meta name=\"robots\" content=\"index, follow, max-snippet:-1, max-image-preview:large, max-video-preview:-1\" \/>\n<link rel=\"canonical\" href=\"https:\/\/www.fpecaixa.info\/ca\/politica-de-privacitat\/\" \/>\n<meta property=\"og:locale\" content=\"ca_ES\" \/>\n<meta property=\"og:type\" content=\"article\" \/>\n<meta property=\"og:title\" content=\"Pol\u00edtica de privacitat - Plan de Pensiones de Empleo (PC30)\" \/>\n<meta property=\"og:description\" content=\"En compliment del que estableix la normativa de protecci\u00f3 de dades, \u00e9s a dir, el Reglament (UE) 2016\/679 del Parlament Europeu i del Consell de 27 d&#8217;abril de 2016 relatiu a la protecci\u00f3 de les persones f\u00edsiques pel que fa al tractament de dades personals ia la lliure circulaci\u00f3 d&#8217;aquestes dades i pel qual es [&hellip;]\" \/>\n<meta property=\"og:url\" content=\"https:\/\/www.fpecaixa.info\/ca\/politica-de-privacitat\/\" \/>\n<meta property=\"og:site_name\" content=\"Plan de Pensiones de Empleo (PC30)\" \/>\n<meta property=\"article:modified_time\" content=\"2024-04-12T07:35:39+00:00\" \/>\n<meta name=\"twitter:card\" content=\"summary_large_image\" \/>\n<meta name=\"twitter:label1\" content=\"Temps estimat de lectura\" \/>\n\t<meta name=\"twitter:data1\" content=\"2 minuts\" \/>\n<script type=\"application\/ld+json\" class=\"yoast-schema-graph\">{\"@context\":\"https:\\\/\\\/schema.org\",\"@graph\":[{\"@type\":\"WebPage\",\"@id\":\"https:\\\/\\\/www.fpecaixa.info\\\/ca\\\/politica-de-privacitat\\\/\",\"url\":\"https:\\\/\\\/www.fpecaixa.info\\\/ca\\\/politica-de-privacitat\\\/\",\"name\":\"Pol\u00edtica de privacitat - Plan de Pensiones de Empleo (PC30)\",\"isPartOf\":{\"@id\":\"https:\\\/\\\/www.fpecaixa.info\\\/#website\"},\"datePublished\":\"2021-09-15T13:42:12+00:00\",\"dateModified\":\"2024-04-12T07:35:39+00:00\",\"breadcrumb\":{\"@id\":\"https:\\\/\\\/www.fpecaixa.info\\\/ca\\\/politica-de-privacitat\\\/#breadcrumb\"},\"inLanguage\":\"ca\",\"potentialAction\":[{\"@type\":\"ReadAction\",\"target\":[\"https:\\\/\\\/www.fpecaixa.info\\\/ca\\\/politica-de-privacitat\\\/\"]}]},{\"@type\":\"BreadcrumbList\",\"@id\":\"https:\\\/\\\/www.fpecaixa.info\\\/ca\\\/politica-de-privacitat\\\/#breadcrumb\",\"itemListElement\":[{\"@type\":\"ListItem\",\"position\":1,\"name\":\"Inici\",\"item\":\"https:\\\/\\\/www.fpecaixa.info\\\/ca\\\/\"},{\"@type\":\"ListItem\",\"position\":2,\"name\":\"Pol\u00edtica de privacitat\"}]},{\"@type\":\"WebSite\",\"@id\":\"https:\\\/\\\/www.fpecaixa.info\\\/#website\",\"url\":\"https:\\\/\\\/www.fpecaixa.info\\\/\",\"name\":\"Plan de Pensiones de Empleo (PC30)\",\"description\":\"Web informativa para el Plan de Pensiones de Empleo (PC30) de trabajadores de Caixabank\",\"potentialAction\":[{\"@type\":\"SearchAction\",\"target\":{\"@type\":\"EntryPoint\",\"urlTemplate\":\"https:\\\/\\\/www.fpecaixa.info\\\/?s={search_term_string}\"},\"query-input\":{\"@type\":\"PropertyValueSpecification\",\"valueRequired\":true,\"valueName\":\"search_term_string\"}}],\"inLanguage\":\"ca\"}]}<\/script>\n<!-- \/ Yoast SEO plugin. -->","yoast_head_json":{"title":"Pol\u00edtica de privacitat - Plan de Pensiones de Empleo (PC30)","robots":{"index":"index","follow":"follow","max-snippet":"max-snippet:-1","max-image-preview":"max-image-preview:large","max-video-preview":"max-video-preview:-1"},"canonical":"https:\/\/www.fpecaixa.info\/ca\/politica-de-privacitat\/","og_locale":"ca_ES","og_type":"article","og_title":"Pol\u00edtica de privacitat - Plan de Pensiones de Empleo (PC30)","og_description":"En compliment del que estableix la normativa de protecci\u00f3 de dades, \u00e9s a dir, el Reglament (UE) 2016\/679 del Parlament Europeu i del Consell de 27 d&#8217;abril de 2016 relatiu a la protecci\u00f3 de les persones f\u00edsiques pel que fa al tractament de dades personals ia la lliure circulaci\u00f3 d&#8217;aquestes dades i pel qual es [&hellip;]","og_url":"https:\/\/www.fpecaixa.info\/ca\/politica-de-privacitat\/","og_site_name":"Plan de Pensiones de Empleo (PC30)","article_modified_time":"2024-04-12T07:35:39+00:00","twitter_card":"summary_large_image","twitter_misc":{"Temps estimat de lectura":"2 minuts"},"schema":{"@context":"https:\/\/schema.org","@graph":[{"@type":"WebPage","@id":"https:\/\/www.fpecaixa.info\/ca\/politica-de-privacitat\/","url":"https:\/\/www.fpecaixa.info\/ca\/politica-de-privacitat\/","name":"Pol\u00edtica de privacitat - Plan de Pensiones de Empleo (PC30)","isPartOf":{"@id":"https:\/\/www.fpecaixa.info\/#website"},"datePublished":"2021-09-15T13:42:12+00:00","dateModified":"2024-04-12T07:35:39+00:00","breadcrumb":{"@id":"https:\/\/www.fpecaixa.info\/ca\/politica-de-privacitat\/#breadcrumb"},"inLanguage":"ca","potentialAction":[{"@type":"ReadAction","target":["https:\/\/www.fpecaixa.info\/ca\/politica-de-privacitat\/"]}]},{"@type":"BreadcrumbList","@id":"https:\/\/www.fpecaixa.info\/ca\/politica-de-privacitat\/#breadcrumb","itemListElement":[{"@type":"ListItem","position":1,"name":"Inici","item":"https:\/\/www.fpecaixa.info\/ca\/"},{"@type":"ListItem","position":2,"name":"Pol\u00edtica de privacitat"}]},{"@type":"WebSite","@id":"https:\/\/www.fpecaixa.info\/#website","url":"https:\/\/www.fpecaixa.info\/","name":"Plan de Pensiones de Empleo (PC30)","description":"Web informativa para el Plan de Pensiones de Empleo (PC30) de trabajadores de Caixabank","potentialAction":[{"@type":"SearchAction","target":{"@type":"EntryPoint","urlTemplate":"https:\/\/www.fpecaixa.info\/?s={search_term_string}"},"query-input":{"@type":"PropertyValueSpecification","valueRequired":true,"valueName":"search_term_string"}}],"inLanguage":"ca"}]}},"_links":{"self":[{"href":"https:\/\/www.fpecaixa.info\/ca\/wp-json\/wp\/v2\/pages\/2119","targetHints":{"allow":["GET"]}}],"collection":[{"href":"https:\/\/www.fpecaixa.info\/ca\/wp-json\/wp\/v2\/pages"}],"about":[{"href":"https:\/\/www.fpecaixa.info\/ca\/wp-json\/wp\/v2\/types\/page"}],"author":[{"embeddable":true,"href":"https:\/\/www.fpecaixa.info\/ca\/wp-json\/wp\/v2\/users\/1"}],"replies":[{"embeddable":true,"href":"https:\/\/www.fpecaixa.info\/ca\/wp-json\/wp\/v2\/comments?post=2119"}],"version-history":[{"count":12,"href":"https:\/\/www.fpecaixa.info\/ca\/wp-json\/wp\/v2\/pages\/2119\/revisions"}],"predecessor-version":[{"id":5150,"href":"https:\/\/www.fpecaixa.info\/ca\/wp-json\/wp\/v2\/pages\/2119\/revisions\/5150"}],"wp:attachment":[{"href":"https:\/\/www.fpecaixa.info\/ca\/wp-json\/wp\/v2\/media?parent=2119"}],"curies":[{"name":"wp","href":"https:\/\/api.w.org\/{rel}","templated":true}]}}