{"id":2131,"date":"2021-09-08T14:02:48","date_gmt":"2021-09-08T14:02:48","guid":{"rendered":"http:\/\/www.fpecaixa.info\/qui-som\/comissio-de-control\/"},"modified":"2023-05-30T11:12:14","modified_gmt":"2023-05-30T11:12:14","slug":"comissio-de-control","status":"publish","type":"page","link":"https:\/\/www.fpecaixa.info\/ca\/qui-som\/comissio-de-control\/","title":{"rendered":"Comissi\u00f3 de Control"},"content":{"rendered":"\n<div class=\"wp-block-columns is-layout-flex wp-container-core-columns-is-layout-9d6595d7 wp-block-columns-is-layout-flex\">\n<div class=\"wp-block-column is-layout-flow wp-block-column-is-layout-flow\">\n<h2 class=\"wp-block-heading\">La Comissi\u00f3 de Control<\/h2>\n\n\n\n<p>La Comissi\u00f3 de Control \u00e9s l&#8217;\u00f2rgan encarregat de supervisar el funcionament del Pla de Pensions d&#8217;Ocupaci\u00f3 de CaixaBank i del Fons Pensions Caixa 30 F.P. <\/p>\n\n\n\n<p>La Comissi\u00f3 de Control est\u00e0 integrada per 15 vocals, 4 en representaci\u00f3 del Promotor (CaixaBank) i 11 en representaci\u00f3 de part\u00edcips i beneficiaris (que s\u00f3n designats en funci\u00f3 dels vots aconseguits en les \u00faltimes eleccions sindicals aconseguit un m\u00ednim del 5% dels vots). La Comissi\u00f3 de Control es renova de manera ordin\u00e0ria cada quatre anys. Qualsevol vocal de la Comissi\u00f3 de Control pot ser substitu\u00eft en qualsevol moment pel grup que li hagi designat.<\/p>\n\n\n\n<p>Actualment la distribuci\u00f3 acordada per als representants de part\u00edcips i beneficiaris \u00e9s: SECB 5, CCOO 4, UGT 2. La Presid\u00e8ncia correspon a SECB, la Vicepresid\u00e8ncia a CCOO i Secretaria al Promotor.<\/p>\n<\/div>\n<\/div>\n\n<div class=\"wp-block-columns is-layout-flex wp-container-core-columns-is-layout-9d6595d7 wp-block-columns-is-layout-flex\">\n<div class=\"wp-block-column is-layout-flow wp-block-column-is-layout-flow\">\n<h2 class=\"wp-block-heading\">Estructura Organitzativa<\/h2>\n\n\n\n<p>L&#8217;estructura organitzativa del Pla i del Fons es compon de la seg\u00fcent manera en funci\u00f3 de les tasques i objectius encomanats als seus \u00f2rgans:<\/p>\n\n\n\n<ul class=\"wp-block-list\"><li><strong>Comissi\u00f3 de Control:<\/strong> Supervisar el bon funcionament del Pla i del Fons de Pensions, concorde a les seves Especificacions, Normes de Funcionament i al Manual de Bon Govern.<\/li><li><strong>Subcomissi\u00f3 d&#8217;Inversions i Riscos (SIR):<\/strong> Vetllar per una correcta alineaci\u00f3 del proc\u00e9s d&#8217;inversi\u00f3 amb l&#8217;objectiu d&#8217;inversi\u00f3, el pressupost de risc, les creences d&#8217;inversi\u00f3 i les pol\u00edtiques de sostenibilitat del Fons de Pensions.<\/li><li><strong>Subcomissi\u00f3 de Bon Govern (SBG):<\/strong>Vetllar per una correcta organitzaci\u00f3 i presa de decisions del Pla i del Fons de Pensions.<\/li><li><strong>Comit\u00e8 Operatiu:<\/strong> Supervisar les activitats del Pla i del Fons en el dia a dia.<\/li><li><strong>Grups de Treball:<\/strong> Treballar en els diferents aspectes encomanats per les Subcomissions amb l&#8217;objectiu de dinamitzar el desenvolupament d&#8217;aquests. Entre ells el grup de treball de comunicaci\u00f3.<\/li><\/ul>\n<\/div>\n<\/div>\n\n<div class=\"wp-block-columns is-layout-flex wp-container-core-columns-is-layout-9d6595d7 wp-block-columns-is-layout-flex\">\n<div class=\"wp-block-column is-layout-flow wp-block-column-is-layout-flow\">\n<h2 class=\"wp-block-heading\">Reunions<\/h2>\n\n\n\n<p>La freq\u00fc\u00e8ncia estimada de la reunions ser\u00e0 d&#8217;11 reunions a l&#8217;any (entre ordin\u00e0ries i extraordin\u00e0ries). I l&#8217;assist\u00e8ncia a la Comissi\u00f3 de Control quedar\u00e0 v\u00e0lidament constitu\u00efda quan, degudament convocats, concorrin la majoria simple dels seus membres (presents o representats), \u00e9s a dir 8 aquesta assist\u00e8ncia podr\u00e0 ser telem\u00e0tica (videoconfer\u00e8ncia, teleconfer\u00e8ncia).<\/p>\n<\/div>\n<\/div>\n\n<div class=\"wp-block-columns is-layout-flex wp-container-core-columns-is-layout-9d6595d7 wp-block-columns-is-layout-flex\">\n<div class=\"wp-block-column is-layout-flow wp-block-column-is-layout-flow\">\n<p><em><strong>Comissi\u00f3 de Control PC30 &#8211; Pla de Pensions d&#8217;Ocupaci\u00f3 de CaixaBank<\/strong><\/em><\/p>\n\n\n<div class='w3eden'><!-- WPDM Link Template: Default Template -->\n\n<div class=\"w3eden\"><!-- WPDM Link Template: Default Template -->\n\t<div class=\"link-template-default-fpe\">\t   \n\t\t\t<div class=\"media\">\n                <img decoding=\"async\" class=\"wpdm_icon\" alt=\"Icona\" src=\"https:\/\/www.fpecaixa.info\/wp-content\/plugins\/download-manager\/assets\/file-type-icons\/pdf.svg\" \/>\t\t\t\t\n                <div class=\"wpdm_title\">\n                    <a class=\"\" href=\"https:\/\/www.fpecaixa.info\/ca\/download\/comision-de-control-memoria\/?wpdmdl=4057&refresh=69e7a606bfa621776788998\" data-type=\"URL\" data-id=\"https:\/\/www.fpecaixa.info\/ca\/download\/comision-de-control-memoria\/?wpdmdl=4057&refresh=69e7a606bfa621776788998\" rel=\"noreferrer noopener\">Informe Anual de Actividad | Memoria 2023<\/a>\n                <\/div>\t\t\t\t\n\t\t\t<\/div>\t   \n\t<\/div>\n<\/div><\/div>\n<\/div>\n<\/div>\n","protected":false},"excerpt":{"rendered":"<p>La Comissi\u00f3 de Control La Comissi\u00f3 de Control \u00e9s l&#8217;\u00f2rgan encarregat de supervisar el funcionament del Pla de Pensions d&#8217;Ocupaci\u00f3 de CaixaBank i del Fons Pensions Caixa 30 F.P. La Comissi\u00f3 de Control est\u00e0 integrada per 15 vocals, 4 en representaci\u00f3 del Promotor (CaixaBank) i 11 en representaci\u00f3 de part\u00edcips i beneficiaris (que s\u00f3n designats [&hellip;]<\/p>\n","protected":false},"author":2,"featured_media":0,"parent":2120,"menu_order":0,"comment_status":"closed","ping_status":"closed","template":"","meta":{"_acf_changed":false,"_monsterinsights_skip_tracking":false,"_monsterinsights_sitenote_active":false,"_monsterinsights_sitenote_note":"","_monsterinsights_sitenote_category":0,"footnotes":""},"class_list":["post-2131","page","type-page","status-publish","hentry"],"acf":[],"yoast_head":"<!-- This site is optimized with the Yoast SEO plugin v27.4 - https:\/\/yoast.com\/product\/yoast-seo-wordpress\/ -->\n<title>Comissi\u00f3 de Control - Plan de Pensiones de Empleo (PC30)<\/title>\n<meta name=\"robots\" content=\"index, follow, max-snippet:-1, max-image-preview:large, max-video-preview:-1\" \/>\n<link rel=\"canonical\" href=\"https:\/\/www.fpecaixa.info\/ca\/qui-som\/comissio-de-control\/\" \/>\n<meta property=\"og:locale\" content=\"ca_ES\" \/>\n<meta property=\"og:type\" content=\"article\" \/>\n<meta property=\"og:title\" content=\"Comissi\u00f3 de Control - Plan de Pensiones de Empleo (PC30)\" \/>\n<meta property=\"og:description\" content=\"La Comissi\u00f3 de Control La Comissi\u00f3 de Control \u00e9s l&#8217;\u00f2rgan encarregat de supervisar el funcionament del Pla de Pensions d&#8217;Ocupaci\u00f3 de CaixaBank i del Fons Pensions Caixa 30 F.P. La Comissi\u00f3 de Control est\u00e0 integrada per 15 vocals, 4 en representaci\u00f3 del Promotor (CaixaBank) i 11 en representaci\u00f3 de part\u00edcips i beneficiaris (que s\u00f3n designats [&hellip;]\" \/>\n<meta property=\"og:url\" content=\"https:\/\/www.fpecaixa.info\/ca\/qui-som\/comissio-de-control\/\" \/>\n<meta property=\"og:site_name\" content=\"Plan de Pensiones de Empleo (PC30)\" \/>\n<meta property=\"article:modified_time\" content=\"2023-05-30T11:12:14+00:00\" \/>\n<meta name=\"twitter:card\" content=\"summary_large_image\" \/>\n<meta name=\"twitter:label1\" content=\"Temps estimat de lectura\" \/>\n\t<meta name=\"twitter:data1\" content=\"2 minuts\" \/>\n<script type=\"application\/ld+json\" class=\"yoast-schema-graph\">{\"@context\":\"https:\\\/\\\/schema.org\",\"@graph\":[{\"@type\":\"WebPage\",\"@id\":\"https:\\\/\\\/www.fpecaixa.info\\\/ca\\\/qui-som\\\/comissio-de-control\\\/\",\"url\":\"https:\\\/\\\/www.fpecaixa.info\\\/ca\\\/qui-som\\\/comissio-de-control\\\/\",\"name\":\"Comissi\u00f3 de Control - Plan de Pensiones de Empleo (PC30)\",\"isPartOf\":{\"@id\":\"https:\\\/\\\/www.fpecaixa.info\\\/#website\"},\"datePublished\":\"2021-09-08T14:02:48+00:00\",\"dateModified\":\"2023-05-30T11:12:14+00:00\",\"breadcrumb\":{\"@id\":\"https:\\\/\\\/www.fpecaixa.info\\\/ca\\\/qui-som\\\/comissio-de-control\\\/#breadcrumb\"},\"inLanguage\":\"ca\",\"potentialAction\":[{\"@type\":\"ReadAction\",\"target\":[\"https:\\\/\\\/www.fpecaixa.info\\\/ca\\\/qui-som\\\/comissio-de-control\\\/\"]}]},{\"@type\":\"BreadcrumbList\",\"@id\":\"https:\\\/\\\/www.fpecaixa.info\\\/ca\\\/qui-som\\\/comissio-de-control\\\/#breadcrumb\",\"itemListElement\":[{\"@type\":\"ListItem\",\"position\":1,\"name\":\"Inici\",\"item\":\"https:\\\/\\\/www.fpecaixa.info\\\/ca\\\/\"},{\"@type\":\"ListItem\",\"position\":2,\"name\":\"Qui som\",\"item\":\"https:\\\/\\\/www.fpecaixa.info\\\/ca\\\/qui-som\\\/\"},{\"@type\":\"ListItem\",\"position\":3,\"name\":\"Comissi\u00f3 de Control\"}]},{\"@type\":\"WebSite\",\"@id\":\"https:\\\/\\\/www.fpecaixa.info\\\/#website\",\"url\":\"https:\\\/\\\/www.fpecaixa.info\\\/\",\"name\":\"Plan de Pensiones de Empleo (PC30)\",\"description\":\"Web informativa para el Plan de Pensiones de Empleo (PC30) de trabajadores de Caixabank\",\"potentialAction\":[{\"@type\":\"SearchAction\",\"target\":{\"@type\":\"EntryPoint\",\"urlTemplate\":\"https:\\\/\\\/www.fpecaixa.info\\\/?s={search_term_string}\"},\"query-input\":{\"@type\":\"PropertyValueSpecification\",\"valueRequired\":true,\"valueName\":\"search_term_string\"}}],\"inLanguage\":\"ca\"}]}<\/script>\n<!-- \/ Yoast SEO plugin. -->","yoast_head_json":{"title":"Comissi\u00f3 de Control - Plan de Pensiones de Empleo (PC30)","robots":{"index":"index","follow":"follow","max-snippet":"max-snippet:-1","max-image-preview":"max-image-preview:large","max-video-preview":"max-video-preview:-1"},"canonical":"https:\/\/www.fpecaixa.info\/ca\/qui-som\/comissio-de-control\/","og_locale":"ca_ES","og_type":"article","og_title":"Comissi\u00f3 de Control - Plan de Pensiones de Empleo (PC30)","og_description":"La Comissi\u00f3 de Control La Comissi\u00f3 de Control \u00e9s l&#8217;\u00f2rgan encarregat de supervisar el funcionament del Pla de Pensions d&#8217;Ocupaci\u00f3 de CaixaBank i del Fons Pensions Caixa 30 F.P. La Comissi\u00f3 de Control est\u00e0 integrada per 15 vocals, 4 en representaci\u00f3 del Promotor (CaixaBank) i 11 en representaci\u00f3 de part\u00edcips i beneficiaris (que s\u00f3n designats [&hellip;]","og_url":"https:\/\/www.fpecaixa.info\/ca\/qui-som\/comissio-de-control\/","og_site_name":"Plan de Pensiones de Empleo (PC30)","article_modified_time":"2023-05-30T11:12:14+00:00","twitter_card":"summary_large_image","twitter_misc":{"Temps estimat de lectura":"2 minuts"},"schema":{"@context":"https:\/\/schema.org","@graph":[{"@type":"WebPage","@id":"https:\/\/www.fpecaixa.info\/ca\/qui-som\/comissio-de-control\/","url":"https:\/\/www.fpecaixa.info\/ca\/qui-som\/comissio-de-control\/","name":"Comissi\u00f3 de Control - Plan de Pensiones de Empleo (PC30)","isPartOf":{"@id":"https:\/\/www.fpecaixa.info\/#website"},"datePublished":"2021-09-08T14:02:48+00:00","dateModified":"2023-05-30T11:12:14+00:00","breadcrumb":{"@id":"https:\/\/www.fpecaixa.info\/ca\/qui-som\/comissio-de-control\/#breadcrumb"},"inLanguage":"ca","potentialAction":[{"@type":"ReadAction","target":["https:\/\/www.fpecaixa.info\/ca\/qui-som\/comissio-de-control\/"]}]},{"@type":"BreadcrumbList","@id":"https:\/\/www.fpecaixa.info\/ca\/qui-som\/comissio-de-control\/#breadcrumb","itemListElement":[{"@type":"ListItem","position":1,"name":"Inici","item":"https:\/\/www.fpecaixa.info\/ca\/"},{"@type":"ListItem","position":2,"name":"Qui som","item":"https:\/\/www.fpecaixa.info\/ca\/qui-som\/"},{"@type":"ListItem","position":3,"name":"Comissi\u00f3 de Control"}]},{"@type":"WebSite","@id":"https:\/\/www.fpecaixa.info\/#website","url":"https:\/\/www.fpecaixa.info\/","name":"Plan de Pensiones de Empleo (PC30)","description":"Web informativa para el Plan de Pensiones de Empleo (PC30) de trabajadores de Caixabank","potentialAction":[{"@type":"SearchAction","target":{"@type":"EntryPoint","urlTemplate":"https:\/\/www.fpecaixa.info\/?s={search_term_string}"},"query-input":{"@type":"PropertyValueSpecification","valueRequired":true,"valueName":"search_term_string"}}],"inLanguage":"ca"}]}},"_links":{"self":[{"href":"https:\/\/www.fpecaixa.info\/ca\/wp-json\/wp\/v2\/pages\/2131","targetHints":{"allow":["GET"]}}],"collection":[{"href":"https:\/\/www.fpecaixa.info\/ca\/wp-json\/wp\/v2\/pages"}],"about":[{"href":"https:\/\/www.fpecaixa.info\/ca\/wp-json\/wp\/v2\/types\/page"}],"author":[{"embeddable":true,"href":"https:\/\/www.fpecaixa.info\/ca\/wp-json\/wp\/v2\/users\/2"}],"replies":[{"embeddable":true,"href":"https:\/\/www.fpecaixa.info\/ca\/wp-json\/wp\/v2\/comments?post=2131"}],"version-history":[{"count":8,"href":"https:\/\/www.fpecaixa.info\/ca\/wp-json\/wp\/v2\/pages\/2131\/revisions"}],"predecessor-version":[{"id":4907,"href":"https:\/\/www.fpecaixa.info\/ca\/wp-json\/wp\/v2\/pages\/2131\/revisions\/4907"}],"up":[{"embeddable":true,"href":"https:\/\/www.fpecaixa.info\/ca\/wp-json\/wp\/v2\/pages\/2120"}],"wp:attachment":[{"href":"https:\/\/www.fpecaixa.info\/ca\/wp-json\/wp\/v2\/media?parent=2131"}],"curies":[{"name":"wp","href":"https:\/\/api.w.org\/{rel}","templated":true}]}}