{"id":2137,"date":"2021-09-08T14:27:30","date_gmt":"2021-09-08T14:27:30","guid":{"rendered":"http:\/\/www.fpecaixa.info\/qui-som\/oficina-del-participi\/"},"modified":"2026-01-20T07:47:11","modified_gmt":"2026-01-20T07:47:11","slug":"oficina-del-participi","status":"publish","type":"page","link":"https:\/\/www.fpecaixa.info\/ca\/qui-som\/oficina-del-participi\/","title":{"rendered":"Oficina del part\u00edcip"},"content":{"rendered":"\n<div class=\"wp-block-columns is-layout-flex wp-container-core-columns-is-layout-9d6595d7 wp-block-columns-is-layout-flex\">\n<div class=\"wp-block-column is-layout-flow wp-block-column-is-layout-flow\">\n<h2 class=\"wp-block-heading\">Oficina del part\u00edcip<\/h2>\n\n\n\n<p>L&#8217;Oficina del Part\u00edcip \u00e9s un \u00f2rgan que dep\u00e8n de la Comissi\u00f3 de Control, la qual dirigeix i supervisa l&#8217;atenci\u00f3 realitzada als part\u00edcips, part\u00edcips en suspens i beneficiaris del pla amb un assessorament personalitzat i individualitzat.<\/p>\n\n\n\n<p>Es realitzen els tr\u00e0mits per al cobrament i modificaci\u00f3 de les prestacions derivades de les conting\u00e8ncies cobertes pel pla: Jubilaci\u00f3, Bestreta de jubilaci\u00f3 per ERE, Incapacitat i Defunci\u00f3.<\/p>\n<\/div>\n<\/div>\n\n\n\n<div class=\"wp-block-columns is-layout-flex wp-container-core-columns-is-layout-9d6595d7 wp-block-columns-is-layout-flex\">\n<div class=\"wp-block-column is-layout-flow wp-block-column-is-layout-flow\">\n<h2 class=\"wp-block-heading\">Funcions principals<\/h2>\n\n\n\n<ul class=\"wp-block-list\">\n<li>Atendre les consultes dels part\u00edcips, part\u00edcips en suspens i beneficiaris del Pla.<\/li>\n<\/ul>\n\n\n\n<ul class=\"wp-block-list\">\n<li>Gestionar i realitzar els tr\u00e0mits per al cobrament i modificaci\u00f3 de les prestacions derivades de les conting\u00e8ncies cobertes pel pla Jubilaci\u00f3, Incapacitat i Defunci\u00f3.<\/li>\n\n\n\n<li>Facilitar a la Comissi\u00f3 de Control informaci\u00f3 sobre el valor diari de la participaci\u00f3 i estad\u00edstiques de les prestacions del pla assistint a les seves reunions.<\/li>\n<\/ul>\n<\/div>\n<\/div>\n\n\n\n<div class=\"wp-block-columns is-layout-flex wp-container-core-columns-is-layout-9d6595d7 wp-block-columns-is-layout-flex\">\n<div class=\"wp-block-column is-layout-flow wp-block-column-is-layout-flow\">\n<h2 class=\"wp-block-heading\">Contacte<\/h2>\n<\/div>\n<\/div>\n\n\n\n<div class=\"wp-block-columns is-layout-flex wp-container-core-columns-is-layout-9d6595d7 wp-block-columns-is-layout-flex\">\n<div class=\"wp-block-column is-layout-flow wp-block-column-is-layout-flow\" style=\"flex-basis:40%\">\n<figure class=\"wp-block-image size-full\"><img decoding=\"async\" src=\"https:\/\/www.fpecaixa.info\/wp-content\/uploads\/2021\/10\/contacto-oficina-participe.jpg\" alt=\"\" class=\"wp-image-3141\" \/><\/figure>\n<\/div>\n\n\n\n<div class=\"wp-block-column is-layout-flow wp-block-column-is-layout-flow\">\n<p>Una Oficina del Part\u00edcip est\u00e0 situada a Barcelona, Av. Diagonal, 621, Zona Interm\u00e8dia.<\/p>\n\n\n\n<p>I l&#8217;altra Oficina del Part\u00edcip est\u00e0 ubicada en Madrid, Av. Manoteras, 20, Ed.Sidney 4\u00aa planta.<\/p>\n\n\n\n<p>Estem a la teva disposici\u00f3 en horari d&#8217;oficina.<\/p>\n\n\n\n<p>Pots contactar-nos:<\/p>\n\n\n\n<ul class=\"wp-block-list\">\n<li>Via Mail: <a href=\"mailto:oficina.fp@caixabank.com\">oficina.fp@caixabank.com<\/a><\/li>\n\n\n\n<li>Presencialment amb cita pr\u00e8via.<\/li>\n\n\n\n<li>V\u00eda Web: <a href=\"https:\/\/www.fpecaixa.info\/ca\/contacte\/\">www.fpecaixa.info\/contacta<\/a><\/li>\n<\/ul>\n<\/div>\n<\/div>\n\n\n\n<p><\/p>\n","protected":false},"excerpt":{"rendered":"<p>Oficina del part\u00edcip L&#8217;Oficina del Part\u00edcip \u00e9s un \u00f2rgan que dep\u00e8n de la Comissi\u00f3 de Control, la qual dirigeix i supervisa l&#8217;atenci\u00f3 realitzada als part\u00edcips, part\u00edcips en suspens i beneficiaris del pla amb un assessorament personalitzat i individualitzat. Es realitzen els tr\u00e0mits per al cobrament i modificaci\u00f3 de les prestacions derivades de les conting\u00e8ncies cobertes [&hellip;]<\/p>\n","protected":false},"author":2,"featured_media":0,"parent":2120,"menu_order":0,"comment_status":"closed","ping_status":"closed","template":"","meta":{"_acf_changed":false,"_monsterinsights_skip_tracking":false,"_monsterinsights_sitenote_active":false,"_monsterinsights_sitenote_note":"","_monsterinsights_sitenote_category":0,"footnotes":""},"class_list":["post-2137","page","type-page","status-publish","hentry"],"acf":[],"yoast_head":"<!-- This site is optimized with the Yoast SEO plugin v27.5 - https:\/\/yoast.com\/product\/yoast-seo-wordpress\/ -->\n<title>Oficina del part\u00edcip - Plan de Pensiones de Empleo (PC30)<\/title>\n<meta name=\"robots\" content=\"index, follow, max-snippet:-1, max-image-preview:large, max-video-preview:-1\" \/>\n<link rel=\"canonical\" href=\"https:\/\/www.fpecaixa.info\/ca\/qui-som\/oficina-del-participi\/\" \/>\n<meta property=\"og:locale\" content=\"ca_ES\" \/>\n<meta property=\"og:type\" content=\"article\" \/>\n<meta property=\"og:title\" content=\"Oficina del part\u00edcip - Plan de Pensiones de Empleo (PC30)\" \/>\n<meta property=\"og:description\" content=\"Oficina del part\u00edcip L&#8217;Oficina del Part\u00edcip \u00e9s un \u00f2rgan que dep\u00e8n de la Comissi\u00f3 de Control, la qual dirigeix i supervisa l&#8217;atenci\u00f3 realitzada als part\u00edcips, part\u00edcips en suspens i beneficiaris del pla amb un assessorament personalitzat i individualitzat. Es realitzen els tr\u00e0mits per al cobrament i modificaci\u00f3 de les prestacions derivades de les conting\u00e8ncies cobertes [&hellip;]\" \/>\n<meta property=\"og:url\" content=\"https:\/\/www.fpecaixa.info\/ca\/qui-som\/oficina-del-participi\/\" \/>\n<meta property=\"og:site_name\" content=\"Plan de Pensiones de Empleo (PC30)\" \/>\n<meta property=\"article:modified_time\" content=\"2026-01-20T07:47:11+00:00\" \/>\n<meta name=\"twitter:card\" content=\"summary_large_image\" \/>\n<meta name=\"twitter:label1\" content=\"Temps estimat de lectura\" \/>\n\t<meta name=\"twitter:data1\" content=\"2 minuts\" \/>\n<script type=\"application\/ld+json\" class=\"yoast-schema-graph\">{\"@context\":\"https:\\\/\\\/schema.org\",\"@graph\":[{\"@type\":\"WebPage\",\"@id\":\"https:\\\/\\\/www.fpecaixa.info\\\/ca\\\/qui-som\\\/oficina-del-participi\\\/\",\"url\":\"https:\\\/\\\/www.fpecaixa.info\\\/ca\\\/qui-som\\\/oficina-del-participi\\\/\",\"name\":\"Oficina del part\u00edcip - Plan de Pensiones de Empleo (PC30)\",\"isPartOf\":{\"@id\":\"https:\\\/\\\/www.fpecaixa.info\\\/#website\"},\"primaryImageOfPage\":{\"@id\":\"https:\\\/\\\/www.fpecaixa.info\\\/ca\\\/qui-som\\\/oficina-del-participi\\\/#primaryimage\"},\"image\":{\"@id\":\"https:\\\/\\\/www.fpecaixa.info\\\/ca\\\/qui-som\\\/oficina-del-participi\\\/#primaryimage\"},\"thumbnailUrl\":\"https:\\\/\\\/www.fpecaixa.info\\\/wp-content\\\/uploads\\\/2021\\\/10\\\/contacto-oficina-participe.jpg\",\"datePublished\":\"2021-09-08T14:27:30+00:00\",\"dateModified\":\"2026-01-20T07:47:11+00:00\",\"breadcrumb\":{\"@id\":\"https:\\\/\\\/www.fpecaixa.info\\\/ca\\\/qui-som\\\/oficina-del-participi\\\/#breadcrumb\"},\"inLanguage\":\"ca\",\"potentialAction\":[{\"@type\":\"ReadAction\",\"target\":[\"https:\\\/\\\/www.fpecaixa.info\\\/ca\\\/qui-som\\\/oficina-del-participi\\\/\"]}]},{\"@type\":\"ImageObject\",\"inLanguage\":\"ca\",\"@id\":\"https:\\\/\\\/www.fpecaixa.info\\\/ca\\\/qui-som\\\/oficina-del-participi\\\/#primaryimage\",\"url\":\"https:\\\/\\\/www.fpecaixa.info\\\/wp-content\\\/uploads\\\/2021\\\/10\\\/contacto-oficina-participe.jpg\",\"contentUrl\":\"https:\\\/\\\/www.fpecaixa.info\\\/wp-content\\\/uploads\\\/2021\\\/10\\\/contacto-oficina-participe.jpg\"},{\"@type\":\"BreadcrumbList\",\"@id\":\"https:\\\/\\\/www.fpecaixa.info\\\/ca\\\/qui-som\\\/oficina-del-participi\\\/#breadcrumb\",\"itemListElement\":[{\"@type\":\"ListItem\",\"position\":1,\"name\":\"Inici\",\"item\":\"https:\\\/\\\/www.fpecaixa.info\\\/ca\\\/\"},{\"@type\":\"ListItem\",\"position\":2,\"name\":\"Qui som\",\"item\":\"https:\\\/\\\/www.fpecaixa.info\\\/ca\\\/qui-som\\\/\"},{\"@type\":\"ListItem\",\"position\":3,\"name\":\"Oficina del part\u00edcip\"}]},{\"@type\":\"WebSite\",\"@id\":\"https:\\\/\\\/www.fpecaixa.info\\\/#website\",\"url\":\"https:\\\/\\\/www.fpecaixa.info\\\/\",\"name\":\"Plan de Pensiones de Empleo (PC30)\",\"description\":\"Web informativa para el Plan de Pensiones de Empleo (PC30) de trabajadores de Caixabank\",\"potentialAction\":[{\"@type\":\"SearchAction\",\"target\":{\"@type\":\"EntryPoint\",\"urlTemplate\":\"https:\\\/\\\/www.fpecaixa.info\\\/?s={search_term_string}\"},\"query-input\":{\"@type\":\"PropertyValueSpecification\",\"valueRequired\":true,\"valueName\":\"search_term_string\"}}],\"inLanguage\":\"ca\"}]}<\/script>\n<!-- \/ Yoast SEO plugin. -->","yoast_head_json":{"title":"Oficina del part\u00edcip - Plan de Pensiones de Empleo (PC30)","robots":{"index":"index","follow":"follow","max-snippet":"max-snippet:-1","max-image-preview":"max-image-preview:large","max-video-preview":"max-video-preview:-1"},"canonical":"https:\/\/www.fpecaixa.info\/ca\/qui-som\/oficina-del-participi\/","og_locale":"ca_ES","og_type":"article","og_title":"Oficina del part\u00edcip - Plan de Pensiones de Empleo (PC30)","og_description":"Oficina del part\u00edcip L&#8217;Oficina del Part\u00edcip \u00e9s un \u00f2rgan que dep\u00e8n de la Comissi\u00f3 de Control, la qual dirigeix i supervisa l&#8217;atenci\u00f3 realitzada als part\u00edcips, part\u00edcips en suspens i beneficiaris del pla amb un assessorament personalitzat i individualitzat. Es realitzen els tr\u00e0mits per al cobrament i modificaci\u00f3 de les prestacions derivades de les conting\u00e8ncies cobertes [&hellip;]","og_url":"https:\/\/www.fpecaixa.info\/ca\/qui-som\/oficina-del-participi\/","og_site_name":"Plan de Pensiones de Empleo (PC30)","article_modified_time":"2026-01-20T07:47:11+00:00","twitter_card":"summary_large_image","twitter_misc":{"Temps estimat de lectura":"2 minuts"},"schema":{"@context":"https:\/\/schema.org","@graph":[{"@type":"WebPage","@id":"https:\/\/www.fpecaixa.info\/ca\/qui-som\/oficina-del-participi\/","url":"https:\/\/www.fpecaixa.info\/ca\/qui-som\/oficina-del-participi\/","name":"Oficina del part\u00edcip - Plan de Pensiones de Empleo (PC30)","isPartOf":{"@id":"https:\/\/www.fpecaixa.info\/#website"},"primaryImageOfPage":{"@id":"https:\/\/www.fpecaixa.info\/ca\/qui-som\/oficina-del-participi\/#primaryimage"},"image":{"@id":"https:\/\/www.fpecaixa.info\/ca\/qui-som\/oficina-del-participi\/#primaryimage"},"thumbnailUrl":"https:\/\/www.fpecaixa.info\/wp-content\/uploads\/2021\/10\/contacto-oficina-participe.jpg","datePublished":"2021-09-08T14:27:30+00:00","dateModified":"2026-01-20T07:47:11+00:00","breadcrumb":{"@id":"https:\/\/www.fpecaixa.info\/ca\/qui-som\/oficina-del-participi\/#breadcrumb"},"inLanguage":"ca","potentialAction":[{"@type":"ReadAction","target":["https:\/\/www.fpecaixa.info\/ca\/qui-som\/oficina-del-participi\/"]}]},{"@type":"ImageObject","inLanguage":"ca","@id":"https:\/\/www.fpecaixa.info\/ca\/qui-som\/oficina-del-participi\/#primaryimage","url":"https:\/\/www.fpecaixa.info\/wp-content\/uploads\/2021\/10\/contacto-oficina-participe.jpg","contentUrl":"https:\/\/www.fpecaixa.info\/wp-content\/uploads\/2021\/10\/contacto-oficina-participe.jpg"},{"@type":"BreadcrumbList","@id":"https:\/\/www.fpecaixa.info\/ca\/qui-som\/oficina-del-participi\/#breadcrumb","itemListElement":[{"@type":"ListItem","position":1,"name":"Inici","item":"https:\/\/www.fpecaixa.info\/ca\/"},{"@type":"ListItem","position":2,"name":"Qui som","item":"https:\/\/www.fpecaixa.info\/ca\/qui-som\/"},{"@type":"ListItem","position":3,"name":"Oficina del part\u00edcip"}]},{"@type":"WebSite","@id":"https:\/\/www.fpecaixa.info\/#website","url":"https:\/\/www.fpecaixa.info\/","name":"Plan de Pensiones de Empleo (PC30)","description":"Web informativa para el Plan de Pensiones de Empleo (PC30) de trabajadores de Caixabank","potentialAction":[{"@type":"SearchAction","target":{"@type":"EntryPoint","urlTemplate":"https:\/\/www.fpecaixa.info\/?s={search_term_string}"},"query-input":{"@type":"PropertyValueSpecification","valueRequired":true,"valueName":"search_term_string"}}],"inLanguage":"ca"}]}},"_links":{"self":[{"href":"https:\/\/www.fpecaixa.info\/ca\/wp-json\/wp\/v2\/pages\/2137","targetHints":{"allow":["GET"]}}],"collection":[{"href":"https:\/\/www.fpecaixa.info\/ca\/wp-json\/wp\/v2\/pages"}],"about":[{"href":"https:\/\/www.fpecaixa.info\/ca\/wp-json\/wp\/v2\/types\/page"}],"author":[{"embeddable":true,"href":"https:\/\/www.fpecaixa.info\/ca\/wp-json\/wp\/v2\/users\/2"}],"replies":[{"embeddable":true,"href":"https:\/\/www.fpecaixa.info\/ca\/wp-json\/wp\/v2\/comments?post=2137"}],"version-history":[{"count":15,"href":"https:\/\/www.fpecaixa.info\/ca\/wp-json\/wp\/v2\/pages\/2137\/revisions"}],"predecessor-version":[{"id":5916,"href":"https:\/\/www.fpecaixa.info\/ca\/wp-json\/wp\/v2\/pages\/2137\/revisions\/5916"}],"up":[{"embeddable":true,"href":"https:\/\/www.fpecaixa.info\/ca\/wp-json\/wp\/v2\/pages\/2120"}],"wp:attachment":[{"href":"https:\/\/www.fpecaixa.info\/ca\/wp-json\/wp\/v2\/media?parent=2137"}],"curies":[{"name":"wp","href":"https:\/\/api.w.org\/{rel}","templated":true}]}}