{"id":2157,"date":"2021-08-31T11:16:45","date_gmt":"2021-08-31T11:16:45","guid":{"rendered":"http:\/\/www.fpecaixa.info\/the-fund\/documents\/"},"modified":"2025-06-06T10:34:24","modified_gmt":"2025-06-06T10:34:24","slug":"documents","status":"publish","type":"page","link":"https:\/\/www.fpecaixa.info\/en\/the-fund\/documents\/","title":{"rendered":"Documents"},"content":{"rendered":"\n<div class=\"wp-block-columns is-layout-flex wp-container-core-columns-is-layout-9d6595d7 wp-block-columns-is-layout-flex\">\n<div class=\"wp-block-column is-layout-flow wp-block-column-is-layout-flow\">\n<h2 class=\"wp-block-heading\">Annual Activity Report  <\/h2>\n\n\n<p><div class='w3eden'>\n    <div class=''>\n\n        \n        <div id=\"content_wpdm_package_1\">\n            <div class='row'><div class='col-lg-12 col-md-6 col-12'><!-- WPDM Link Template: Default Template -->\n\n<div class=\"w3eden\"><!-- WPDM Link Template: Default Template -->\n\t<div class=\"link-template-default-fpe\">\t   \n\t\t\t<div class=\"media\">\n                <img decoding=\"async\" class=\"wpdm_icon\" alt=\"Icon\" src=\"https:\/\/www.fpecaixa.info\/wp-content\/plugins\/download-manager\/assets\/file-type-icons\/pdf.svg\" \/>\t\t\t\t\n                <div class=\"wpdm_title\">\n                    <a class=\"\" href=\"https:\/\/www.fpecaixa.info\/en\/download\/2026-informe-anual-pc30-de-2025\/?wpdmdl=5995&refresh=6a06247e088f51778787454\" data-type=\"URL\" data-id=\"https:\/\/www.fpecaixa.info\/en\/download\/2026-informe-anual-pc30-de-2025\/?wpdmdl=5995&refresh=6a06247e088f51778787454\" rel=\"noreferrer noopener\">2026 PC30 Annual Report 2025<\/a>\n                <\/div>\t\t\t\t\n\t\t\t<\/div>\t   \n\t<\/div>\n<\/div><\/div><\/div>                    <\/div>\n\n        <div style='clear:both'><\/div>\n    <\/div>\n<\/div>\n<\/p>\n\n\n<div class=\"lightweight-accordion has-text-color has-background\"><details><summary class=\"lightweight-accordion-title\" style=\"color:#0090c7;background:#ffffff;\"><span>Historical<\/span><\/summary><div class=\"lightweight-accordion-body\" style=\"border-color:#ffffff;\">\n<p><div class='w3eden'>\n    <div class=''>\n\n        \n        <div id=\"content_wpdm_package_2\">\n            <div class='row'><div class='col-lg-12 col-md-6 col-12'><!-- WPDM Link Template: Template FPECaixa -->\n\n\n<div class=\"wpdm-link-template link-template-default\" >\n    <div class=\"media\">\n        <div class=\"mr-3\"><img decoding=\"async\" class=\"wpdm_icon\" alt=\"Icon\" src=\"https:\/\/www.fpecaixa.info\/wp-content\/plugins\/download-manager\/assets\/file-type-icons\/pdf.svg\" \/><\/div>\n        <div class=\"media-body\">\n            <div class=\"wpdm_title\">\n                <strong class=\"package-title\">Anual Report 2024<\/strong>\n            <\/div>\n\t    <div class=\"wpdm_button_download\">\n\t\t<a class=\"wpdm-download-link download-on-click btn btn-primary btn-xs\" rel=\"nofollow\" href=\"#\" data-downloadurl=\"https:\/\/www.fpecaixa.info\/en\/download\/anual-report-2024\/?wpdmdl=5780&refresh=6a06247e2fd791778787454\">\n\n\t\tDownload\t\t<\/a>\n\t    <\/div>\n        <\/div>\n    <\/div>\n<\/div>\n\n<\/div><div class='col-lg-12 col-md-6 col-12'><!-- WPDM Link Template: Template FPECaixa -->\n\n\n<div class=\"wpdm-link-template link-template-default\" >\n    <div class=\"media\">\n        <div class=\"mr-3\"><img decoding=\"async\" class=\"wpdm_icon\" alt=\"Icon\" src=\"https:\/\/www.fpecaixa.info\/wp-content\/plugins\/download-manager\/assets\/file-type-icons\/pdf.svg\" \/><\/div>\n        <div class=\"media-body\">\n            <div class=\"wpdm_title\">\n                <strong class=\"package-title\">2024 Anual Report of 2023<\/strong>\n            <\/div>\n\t    <div class=\"wpdm_button_download\">\n\t\t<a class=\"wpdm-download-link download-on-click btn btn-primary btn-xs\" rel=\"nofollow\" href=\"#\" data-downloadurl=\"https:\/\/www.fpecaixa.info\/en\/download\/comision-de-control-memoria\/?wpdmdl=5487&refresh=6a06247e314da1778787454\">\n\n\t\tDownload\t\t<\/a>\n\t    <\/div>\n        <\/div>\n    <\/div>\n<\/div>\n\n<\/div><div class='col-lg-12 col-md-6 col-12'><!-- WPDM Link Template: Template FPECaixa -->\n\n\n<div class=\"wpdm-link-template link-template-default\" >\n    <div class=\"media\">\n        <div class=\"mr-3\"><img decoding=\"async\" class=\"wpdm_icon\" alt=\"Icon\" src=\"https:\/\/www.fpecaixa.info\/wp-content\/plugins\/download-manager\/assets\/file-type-icons\/pdf.svg\" \/><\/div>\n        <div class=\"media-body\">\n            <div class=\"wpdm_title\">\n                <strong class=\"package-title\">Comisi\u00f3n de Control | Memoria 2022<\/strong>\n            <\/div>\n\t    <div class=\"wpdm_button_download\">\n\t\t<a class=\"wpdm-download-link download-on-click btn btn-primary btn-xs\" rel=\"nofollow\" href=\"#\" data-downloadurl=\"https:\/\/www.fpecaixa.info\/en\/download\/comision-de-control-memoria-2022\/?wpdmdl=5326&refresh=6a06247e32e7f1778787454\">\n\n\t\tDownload\t\t<\/a>\n\t    <\/div>\n        <\/div>\n    <\/div>\n<\/div>\n\n<\/div><div class='col-lg-12 col-md-6 col-12'><!-- WPDM Link Template: Template FPECaixa -->\n\n\n<div class=\"wpdm-link-template link-template-default\" >\n    <div class=\"media\">\n        <div class=\"mr-3\"><img decoding=\"async\" class=\"wpdm_icon\" alt=\"Icon\" src=\"https:\/\/www.fpecaixa.info\/wp-content\/plugins\/download-manager\/assets\/file-type-icons\/pdf.svg\" \/><\/div>\n        <div class=\"media-body\">\n            <div class=\"wpdm_title\">\n                <strong class=\"package-title\">Comisi\u00f3n de Control | Memoria 2021<\/strong>\n            <\/div>\n\t    <div class=\"wpdm_button_download\">\n\t\t<a class=\"wpdm-download-link download-on-click btn btn-primary btn-xs\" rel=\"nofollow\" href=\"#\" data-downloadurl=\"https:\/\/www.fpecaixa.info\/en\/download\/memoria-2021\/?wpdmdl=4773&refresh=6a06247e3454d1778787454\">\n\n\t\tDownload\t\t<\/a>\n\t    <\/div>\n        <\/div>\n    <\/div>\n<\/div>\n\n<\/div><div class='col-lg-12 col-md-6 col-12'><!-- WPDM Link Template: Template FPECaixa -->\n\n\n<div class=\"wpdm-link-template link-template-default\" >\n    <div class=\"media\">\n        <div class=\"mr-3\"><img decoding=\"async\" class=\"wpdm_icon\" alt=\"Icon\" src=\"https:\/\/www.fpecaixa.info\/wp-content\/plugins\/download-manager\/assets\/file-type-icons\/pdf.svg\" \/><\/div>\n        <div class=\"media-body\">\n            <div class=\"wpdm_title\">\n                <strong class=\"package-title\">Comisi\u00f3n de Control | Mem\u00f3ria 2020<\/strong>\n            <\/div>\n\t    <div class=\"wpdm_button_download\">\n\t\t<a class=\"wpdm-download-link download-on-click btn btn-primary btn-xs\" rel=\"nofollow\" href=\"#\" data-downloadurl=\"https:\/\/www.fpecaixa.info\/en\/download\/comision-de-control-memoria-2020\/?wpdmdl=3480&refresh=6a06247e35db91778787454\">\n\n\t\tDownload\t\t<\/a>\n\t    <\/div>\n        <\/div>\n    <\/div>\n<\/div>\n\n<\/div><\/div>            <div style='clear:both'><\/div><div class='text-center'><ul class='pagination wpdm-pagination pagination-centered text-center'><\/ul><\/div><div style='clear:both'><\/div>        <\/div>\n\n        <div style='clear:both'><\/div>\n    <\/div>\n<\/div>\n<\/p>\n\n<\/div><\/details><\/div>\n\n\n<div style=\"height:30px\" aria-hidden=\"true\" class=\"wp-block-spacer\"><\/div>\n\n\n\n<h2 class=\"wp-block-heading\">Sustainability Report<\/h2>\n\n\n<p><div class='w3eden'>\n    <div class=''>\n\n        \n        <div id=\"content_wpdm_package_3\">\n            <div class='row'><div class='col-lg-12 col-md-6 col-12'><!-- WPDM Link Template: Default Template -->\n\n<div class=\"w3eden\"><!-- WPDM Link Template: Default Template -->\n\t<div class=\"link-template-default-fpe\">\t   \n\t\t\t<div class=\"media\">\n                <img decoding=\"async\" class=\"wpdm_icon\" alt=\"Icon\" src=\"https:\/\/www.fpecaixa.info\/wp-content\/plugins\/download-manager\/assets\/file-type-icons\/pdf.svg\" \/>\t\t\t\t\n                <div class=\"wpdm_title\">\n                    <a class=\"\" href=\"https:\/\/www.fpecaixa.info\/en\/download\/2025-informe-de-sostenibilidad-de-2024\/?wpdmdl=5850&refresh=6a06247e37fb91778787454\" data-type=\"URL\" data-id=\"https:\/\/www.fpecaixa.info\/en\/download\/2025-informe-de-sostenibilidad-de-2024\/?wpdmdl=5850&refresh=6a06247e37fb91778787454\" rel=\"noreferrer noopener\">2025 Informe de Sostenibilidad de 2024<\/a>\n                <\/div>\t\t\t\t\n\t\t\t<\/div>\t   \n\t<\/div>\n<\/div><\/div><\/div>                    <\/div>\n\n        <div style='clear:both'><\/div>\n    <\/div>\n<\/div>\n<\/p>\n\n\n<div class=\"lightweight-accordion has-text-color has-background\"><details><summary class=\"lightweight-accordion-title\" style=\"color:#0090c7;background:#ffffff;\"><span>Historical<\/span><\/summary><div class=\"lightweight-accordion-body\" style=\"border-color:#ffffff;\">\n<p><div class='w3eden'>\n    <div class=''>\n\n        \n        <div id=\"content_wpdm_package_4\">\n            <div class='row'><div class='col-lg-12 col-md-6 col-12'><!-- WPDM Link Template: Template FPECaixa -->\n\n\n<div class=\"wpdm-link-template link-template-default\" >\n    <div class=\"media\">\n        <div class=\"mr-3\"><img decoding=\"async\" class=\"wpdm_icon\" alt=\"Icon\" src=\"https:\/\/www.fpecaixa.info\/wp-content\/plugins\/download-manager\/assets\/file-type-icons\/pdf.svg\" \/><\/div>\n        <div class=\"media-body\">\n            <div class=\"wpdm_title\">\n                <strong class=\"package-title\">2025 Informe de Sostenibilidad de 2024<\/strong>\n            <\/div>\n\t    <div class=\"wpdm_button_download\">\n\t\t<a class=\"wpdm-download-link download-on-click btn btn-primary btn-xs\" rel=\"nofollow\" href=\"#\" data-downloadurl=\"https:\/\/www.fpecaixa.info\/en\/download\/2024-informe-de-sostenibilidad-de-2023\/?wpdmdl=5410&refresh=6a06247e3a15c1778787454\">\n\n\t\tDownload\t\t<\/a>\n\t    <\/div>\n        <\/div>\n    <\/div>\n<\/div>\n\n<\/div><div class='col-lg-12 col-md-6 col-12'><!-- WPDM Link Template: Template FPECaixa -->\n\n\n<div class=\"wpdm-link-template link-template-default\" >\n    <div class=\"media\">\n        <div class=\"mr-3\"><img decoding=\"async\" class=\"wpdm_icon\" alt=\"Icon\" src=\"https:\/\/www.fpecaixa.info\/wp-content\/plugins\/download-manager\/assets\/file-type-icons\/pdf.svg\" \/><\/div>\n        <div class=\"media-body\">\n            <div class=\"wpdm_title\">\n                <strong class=\"package-title\">Sustainability Report July 2022<\/strong>\n            <\/div>\n\t    <div class=\"wpdm_button_download\">\n\t\t<a class=\"wpdm-download-link download-on-click btn btn-primary btn-xs\" rel=\"nofollow\" href=\"#\" data-downloadurl=\"https:\/\/www.fpecaixa.info\/en\/download\/informe-de-sostenibilidad-julio-2022\/?wpdmdl=3900&refresh=6a06247e3b9e41778787454\">\n\n\t\tDownload\t\t<\/a>\n\t    <\/div>\n        <\/div>\n    <\/div>\n<\/div>\n\n<\/div><\/div>            <div style='clear:both'><\/div><div class='text-center'><ul class='pagination wpdm-pagination pagination-centered text-center'><\/ul><\/div><div style='clear:both'><\/div>        <\/div>\n\n        <div style='clear:both'><\/div>\n    <\/div>\n<\/div>\n<\/p>\n\n<\/div><\/details><\/div>\n\n\n<h2 class=\"wp-block-heading\">Audit report<\/h2>\n\n\n<div class='w3eden'><!-- WPDM Link Template: Default Template -->\n\n<div class=\"w3eden\"><!-- WPDM Link Template: Default Template -->\n\t<div class=\"link-template-default-fpe\">\t   \n\t\t\t<div class=\"media\">\n                <img decoding=\"async\" class=\"wpdm_icon\" alt=\"Icon\" src=\"https:\/\/www.fpecaixa.info\/wp-content\/plugins\/download-manager\/assets\/file-type-icons\/pdf.svg\" \/>\t\t\t\t\n                <div class=\"wpdm_title\">\n                    <a class=\"\" href=\"https:\/\/www.fpecaixa.info\/en\/download\/auditoria-e-informe-de-gestion-2024\/?wpdmdl=5717&refresh=6a06247e3d73e1778787454\" data-type=\"URL\" data-id=\"https:\/\/www.fpecaixa.info\/en\/download\/auditoria-e-informe-de-gestion-2024\/?wpdmdl=5717&refresh=6a06247e3d73e1778787454\" rel=\"noreferrer noopener\">Auditor\u00eda e Informe de gesti\u00f3n 2024<\/a>\n                <\/div>\t\t\t\t\n\t\t\t<\/div>\t   \n\t<\/div>\n<\/div><\/div>\n<\/div>\n<\/div>\n\n\n\n<h2 class=\"wp-block-heading\">Complete Plan Sheet<\/h2>\n\n\n<div class='w3eden'><!-- WPDM Link Template: Default Template -->\n\n<div class=\"w3eden\"><!-- WPDM Link Template: Default Template -->\n\t<div class=\"link-template-default-fpe\">\t   \n\t\t\t<div class=\"media\">\n                <img decoding=\"async\" class=\"wpdm_icon\" alt=\"Icon\" src=\"https:\/\/www.fpecaixa.info\/wp-content\/plugins\/download-manager\/assets\/file-type-icons\/pdf.svg\" \/>\t\t\t\t\n                <div class=\"wpdm_title\">\n                    <a class=\"\" href=\"https:\/\/www.fpecaixa.info\/en\/download\/ficha-completa-del-plan-pc30-2\/?wpdmdl=3660&refresh=6a06247e3f2cc1778787454\" data-type=\"URL\" data-id=\"https:\/\/www.fpecaixa.info\/en\/download\/ficha-completa-del-plan-pc30-2\/?wpdmdl=3660&refresh=6a06247e3f2cc1778787454\" rel=\"noreferrer noopener\">Ficha completa del Plan PC30<\/a>\n                <\/div>\t\t\t\t\n\t\t\t<\/div>\t   \n\t<\/div>\n<\/div><\/div>\n\n\n\n<h2 class=\"wp-block-heading\">Comprehensive Declaration of Investment Policy Principles (DPPI)<\/h2>\n\n\n<p><div class='w3eden'>\n    <div class=''>\n\n        \n        <div id=\"content_wpdm_package_5\">\n            <div class='row'><div class='col-lg-12 col-md-6 col-12'><!-- WPDM Link Template: Default Template -->\n\n<div class=\"w3eden\"><!-- WPDM Link Template: Default Template -->\n\t<div class=\"link-template-default-fpe\">\t   \n\t\t\t<div class=\"media\">\n                <img decoding=\"async\" class=\"wpdm_icon\" alt=\"Icon\" src=\"https:\/\/www.fpecaixa.info\/wp-content\/plugins\/download-manager\/assets\/file-type-icons\/pdf.svg\" \/>\t\t\t\t\n                <div class=\"wpdm_title\">\n                    <a class=\"\" href=\"https:\/\/www.fpecaixa.info\/en\/download\/dppi-pc30-2026\/?wpdmdl=5926&refresh=6a06247e413481778787454\" data-type=\"URL\" data-id=\"https:\/\/www.fpecaixa.info\/en\/download\/dppi-pc30-2026\/?wpdmdl=5926&refresh=6a06247e413481778787454\" rel=\"noreferrer noopener\">DPPI PC30  2026<\/a>\n                <\/div>\t\t\t\t\n\t\t\t<\/div>\t   \n\t<\/div>\n<\/div><\/div><\/div>                    <\/div>\n\n        <div style='clear:both'><\/div>\n    <\/div>\n<\/div>\n<\/p>\n\n\n<div class=\"lightweight-accordion has-text-color has-background\"><details><summary class=\"lightweight-accordion-title\" style=\"color:#0090c7;background:#ffffff;\"><span>Historical<\/span><\/summary><div class=\"lightweight-accordion-body\" style=\"border-color:#ffffff;\">\n<p><div class='w3eden'>\n    <div class=''>\n\n        \n        <div id=\"content_wpdm_package_6\">\n            <div class='row'><div class='col-lg-12 col-md-6 col-12'><!-- WPDM Link Template: Template FPECaixa -->\n\n\n<div class=\"wpdm-link-template link-template-default\" >\n    <div class=\"media\">\n        <div class=\"mr-3\"><img decoding=\"async\" class=\"wpdm_icon\" alt=\"Icon\" src=\"https:\/\/www.fpecaixa.info\/wp-content\/plugins\/download-manager\/assets\/file-type-icons\/pdf.svg\" \/><\/div>\n        <div class=\"media-body\">\n            <div class=\"wpdm_title\">\n                <strong class=\"package-title\">Declaraci\u00f3n comprensiva de los Principios de la Pol\u00edtica de Inversi\u00f3n (DPPI) 2025<\/strong>\n            <\/div>\n\t    <div class=\"wpdm_button_download\">\n\t\t<a class=\"wpdm-download-link download-on-click btn btn-primary btn-xs\" rel=\"nofollow\" href=\"#\" data-downloadurl=\"https:\/\/www.fpecaixa.info\/en\/download\/declaracion-comprensiva-de-los-principios-de-la-politica-de-inversion-dppi\/?wpdmdl=3469&refresh=6a06247e437691778787454\">\n\n\t\tDownload\t\t<\/a>\n\t    <\/div>\n        <\/div>\n    <\/div>\n<\/div>\n\n<\/div><\/div>            <div style='clear:both'><\/div><div class='text-center'><ul class='pagination wpdm-pagination pagination-centered text-center'><\/ul><\/div><div style='clear:both'><\/div>        <\/div>\n\n        <div style='clear:both'><\/div>\n    <\/div>\n<\/div>\n<\/p>\n\n<\/div><\/details><\/div>\n\n\n<div class=\"wp-block-columns is-layout-flex wp-container-core-columns-is-layout-9d6595d7 wp-block-columns-is-layout-flex\">\n<div class=\"wp-block-column is-layout-flow wp-block-column-is-layout-flow\" style=\"flex-basis:100%\"><\/div>\n<\/div>\n\n\n\n<h2 class=\"wp-block-heading\">Long-term Investment Strategy Statement<\/h2>\n\n\n<div class='w3eden'><!-- WPDM Link Template: Default Template -->\n\n<div class=\"w3eden\"><!-- WPDM Link Template: Default Template -->\n\t<div class=\"link-template-default-fpe\">\t   \n\t\t\t<div class=\"media\">\n                <img decoding=\"async\" class=\"wpdm_icon\" alt=\"Icon\" src=\"https:\/\/www.fpecaixa.info\/wp-content\/plugins\/download-manager\/assets\/file-type-icons\/pdf.svg\" \/>\t\t\t\t\n                <div class=\"wpdm_title\">\n                    <a class=\"\" href=\"https:\/\/www.fpecaixa.info\/en\/download\/declaracion-de-politica-de-inversion-a-lp\/?wpdmdl=4079&refresh=6a06247e45f131778787454\" data-type=\"URL\" data-id=\"https:\/\/www.fpecaixa.info\/en\/download\/declaracion-de-politica-de-inversion-a-lp\/?wpdmdl=4079&refresh=6a06247e45f131778787454\" rel=\"noreferrer noopener\">Declaraci\u00f3n de Estrategia de Inversi\u00f3n a lp<\/a>\n                <\/div>\t\t\t\t\n\t\t\t<\/div>\t   \n\t<\/div>\n<\/div><\/div>\n\n\n\n<h2 class=\"wp-block-heading\">Involvement and Voting Policy<\/h2>\n\n\n<div class='w3eden'><!-- WPDM Link Template: Default Template -->\n\n<div class=\"w3eden\"><!-- WPDM Link Template: Default Template -->\n\t<div class=\"link-template-default-fpe\">\t   \n\t\t\t<div class=\"media\">\n                <img decoding=\"async\" class=\"wpdm_icon\" alt=\"Icon\" src=\"https:\/\/www.fpecaixa.info\/wp-content\/plugins\/download-manager\/assets\/file-type-icons\/pdf.svg\" \/>\t\t\t\t\n                <div class=\"wpdm_title\">\n                    <a class=\"\" href=\"https:\/\/www.fpecaixa.info\/en\/download\/politica-de-implicacion-y-voto\/?wpdmdl=4081&refresh=6a06247e481ec1778787454\" data-type=\"URL\" data-id=\"https:\/\/www.fpecaixa.info\/en\/download\/politica-de-implicacion-y-voto\/?wpdmdl=4081&refresh=6a06247e481ec1778787454\" rel=\"noreferrer noopener\">Pol\u00edtica de implicaci\u00f3n y voto<\/a>\n                <\/div>\t\t\t\t\n\t\t\t<\/div>\t   \n\t<\/div>\n<\/div><\/div>\n\n\n\n<h2 class=\"wp-block-heading\">Art\u00edculo 8. SFDR <\/h2>\n\n\n\n<p class=\"has-text-align-center\"><a href=\"https:\/\/www.vidacaixa.es\/documents\/18549598\/18675463\/Precontractual_Art.8_CAIXABANK+EMPLEADOS+actualizado.pdf\/5893333c-29e5-b492-eb0c-a50529f1f88d?t=1672758416966\">Pre-contractual information on sustainability associated with PC30S<\/a><\/p>\n\n\n\n<p class=\"has-text-align-center\"><a href=\"https:\/\/www.vidacaixa.es\/documents\/18549598\/18675451\/CaixaBank_art10_art8.pdf\/a8a94f2b-e598-88f2-d07d-1d6334f58b94?t=1672322408934\">Information related to sustainability<\/a><\/p>\n\n\n\n<p class=\"has-text-align-center\"><a href=\"https:\/\/www.vidacaixa.es\/documents\/18549598\/18675439\/8+FPE+740+PLAN+DE+EMPLEO+CAIXABANK+PC30.pdf\">Periodic information on sustainability performance <\/a><\/p>\n\n\n\n<style>.lightweight-accordion {\n    max-width: 500px;\n    margin: auto;\n}\n.lightweight-accordion-title {\n    text-align: center;\n}\n<\/style>\n","protected":false},"excerpt":{"rendered":"<p>Annual Activity Report Sustainability Report Audit report Complete Plan Sheet Comprehensive Declaration of Investment Policy Principles (DPPI) Long-term Investment Strategy Statement Involvement and Voting Policy Art\u00edculo 8. SFDR Pre-contractual information on sustainability associated with PC30S Information related to sustainability Periodic information on sustainability performance<\/p>\n","protected":false},"author":2,"featured_media":0,"parent":2148,"menu_order":0,"comment_status":"closed","ping_status":"closed","template":"","meta":{"_acf_changed":false,"_monsterinsights_skip_tracking":false,"_monsterinsights_sitenote_active":false,"_monsterinsights_sitenote_note":"","_monsterinsights_sitenote_category":0,"footnotes":""},"class_list":["post-2157","page","type-page","status-publish","hentry"],"acf":[],"yoast_head":"<!-- This site is optimized with the Yoast SEO plugin v27.6 - https:\/\/yoast.com\/product\/yoast-seo-wordpress\/ -->\n<title>Documents - Plan de Pensiones de Empleo (PC30)<\/title>\n<meta name=\"robots\" content=\"index, follow, max-snippet:-1, max-image-preview:large, max-video-preview:-1\" \/>\n<link rel=\"canonical\" href=\"https:\/\/www.fpecaixa.info\/en\/the-fund\/documents\/\" \/>\n<meta property=\"og:locale\" content=\"en_US\" \/>\n<meta property=\"og:type\" content=\"article\" \/>\n<meta property=\"og:title\" content=\"Documents - Plan de Pensiones de Empleo (PC30)\" \/>\n<meta property=\"og:description\" content=\"Annual Activity Report Sustainability Report Audit report Complete Plan Sheet Comprehensive Declaration of Investment Policy Principles (DPPI) Long-term Investment Strategy Statement Involvement and Voting Policy Art\u00edculo 8. SFDR Pre-contractual information on sustainability associated with PC30S Information related to sustainability Periodic information on sustainability performance\" \/>\n<meta property=\"og:url\" content=\"https:\/\/www.fpecaixa.info\/en\/the-fund\/documents\/\" \/>\n<meta property=\"og:site_name\" content=\"Plan de Pensiones de Empleo (PC30)\" \/>\n<meta property=\"article:modified_time\" content=\"2025-06-06T10:34:24+00:00\" \/>\n<meta name=\"twitter:card\" content=\"summary_large_image\" \/>\n<meta name=\"twitter:label1\" content=\"Est. reading time\" \/>\n\t<meta name=\"twitter:data1\" content=\"1 minute\" \/>\n<script type=\"application\/ld+json\" class=\"yoast-schema-graph\">{\"@context\":\"https:\\\/\\\/schema.org\",\"@graph\":[{\"@type\":\"WebPage\",\"@id\":\"https:\\\/\\\/www.fpecaixa.info\\\/en\\\/the-fund\\\/documents\\\/\",\"url\":\"https:\\\/\\\/www.fpecaixa.info\\\/en\\\/the-fund\\\/documents\\\/\",\"name\":\"Documents - Plan de Pensiones de Empleo (PC30)\",\"isPartOf\":{\"@id\":\"https:\\\/\\\/www.fpecaixa.info\\\/#website\"},\"datePublished\":\"2021-08-31T11:16:45+00:00\",\"dateModified\":\"2025-06-06T10:34:24+00:00\",\"breadcrumb\":{\"@id\":\"https:\\\/\\\/www.fpecaixa.info\\\/en\\\/the-fund\\\/documents\\\/#breadcrumb\"},\"inLanguage\":\"en-US\",\"potentialAction\":[{\"@type\":\"ReadAction\",\"target\":[\"https:\\\/\\\/www.fpecaixa.info\\\/en\\\/the-fund\\\/documents\\\/\"]}]},{\"@type\":\"BreadcrumbList\",\"@id\":\"https:\\\/\\\/www.fpecaixa.info\\\/en\\\/the-fund\\\/documents\\\/#breadcrumb\",\"itemListElement\":[{\"@type\":\"ListItem\",\"position\":1,\"name\":\"Home\",\"item\":\"https:\\\/\\\/www.fpecaixa.info\\\/en\\\/\"},{\"@type\":\"ListItem\",\"position\":2,\"name\":\"The Fund\",\"item\":\"https:\\\/\\\/www.fpecaixa.info\\\/en\\\/the-fund\\\/\"},{\"@type\":\"ListItem\",\"position\":3,\"name\":\"Documents\"}]},{\"@type\":\"WebSite\",\"@id\":\"https:\\\/\\\/www.fpecaixa.info\\\/#website\",\"url\":\"https:\\\/\\\/www.fpecaixa.info\\\/\",\"name\":\"Plan de Pensiones de Empleo (PC30)\",\"description\":\"Web informativa para el Plan de Pensiones de Empleo (PC30) de trabajadores de Caixabank\",\"potentialAction\":[{\"@type\":\"SearchAction\",\"target\":{\"@type\":\"EntryPoint\",\"urlTemplate\":\"https:\\\/\\\/www.fpecaixa.info\\\/?s={search_term_string}\"},\"query-input\":{\"@type\":\"PropertyValueSpecification\",\"valueRequired\":true,\"valueName\":\"search_term_string\"}}],\"inLanguage\":\"en-US\"}]}<\/script>\n<!-- \/ Yoast SEO plugin. -->","yoast_head_json":{"title":"Documents - Plan de Pensiones de Empleo (PC30)","robots":{"index":"index","follow":"follow","max-snippet":"max-snippet:-1","max-image-preview":"max-image-preview:large","max-video-preview":"max-video-preview:-1"},"canonical":"https:\/\/www.fpecaixa.info\/en\/the-fund\/documents\/","og_locale":"en_US","og_type":"article","og_title":"Documents - Plan de Pensiones de Empleo (PC30)","og_description":"Annual Activity Report Sustainability Report Audit report Complete Plan Sheet Comprehensive Declaration of Investment Policy Principles (DPPI) Long-term Investment Strategy Statement Involvement and Voting Policy Art\u00edculo 8. SFDR Pre-contractual information on sustainability associated with PC30S Information related to sustainability Periodic information on sustainability performance","og_url":"https:\/\/www.fpecaixa.info\/en\/the-fund\/documents\/","og_site_name":"Plan de Pensiones de Empleo (PC30)","article_modified_time":"2025-06-06T10:34:24+00:00","twitter_card":"summary_large_image","twitter_misc":{"Est. reading time":"1 minute"},"schema":{"@context":"https:\/\/schema.org","@graph":[{"@type":"WebPage","@id":"https:\/\/www.fpecaixa.info\/en\/the-fund\/documents\/","url":"https:\/\/www.fpecaixa.info\/en\/the-fund\/documents\/","name":"Documents - Plan de Pensiones de Empleo (PC30)","isPartOf":{"@id":"https:\/\/www.fpecaixa.info\/#website"},"datePublished":"2021-08-31T11:16:45+00:00","dateModified":"2025-06-06T10:34:24+00:00","breadcrumb":{"@id":"https:\/\/www.fpecaixa.info\/en\/the-fund\/documents\/#breadcrumb"},"inLanguage":"en-US","potentialAction":[{"@type":"ReadAction","target":["https:\/\/www.fpecaixa.info\/en\/the-fund\/documents\/"]}]},{"@type":"BreadcrumbList","@id":"https:\/\/www.fpecaixa.info\/en\/the-fund\/documents\/#breadcrumb","itemListElement":[{"@type":"ListItem","position":1,"name":"Home","item":"https:\/\/www.fpecaixa.info\/en\/"},{"@type":"ListItem","position":2,"name":"The Fund","item":"https:\/\/www.fpecaixa.info\/en\/the-fund\/"},{"@type":"ListItem","position":3,"name":"Documents"}]},{"@type":"WebSite","@id":"https:\/\/www.fpecaixa.info\/#website","url":"https:\/\/www.fpecaixa.info\/","name":"Plan de Pensiones de Empleo (PC30)","description":"Web informativa para el Plan de Pensiones de Empleo (PC30) de trabajadores de Caixabank","potentialAction":[{"@type":"SearchAction","target":{"@type":"EntryPoint","urlTemplate":"https:\/\/www.fpecaixa.info\/?s={search_term_string}"},"query-input":{"@type":"PropertyValueSpecification","valueRequired":true,"valueName":"search_term_string"}}],"inLanguage":"en-US"}]}},"_links":{"self":[{"href":"https:\/\/www.fpecaixa.info\/en\/wp-json\/wp\/v2\/pages\/2157","targetHints":{"allow":["GET"]}}],"collection":[{"href":"https:\/\/www.fpecaixa.info\/en\/wp-json\/wp\/v2\/pages"}],"about":[{"href":"https:\/\/www.fpecaixa.info\/en\/wp-json\/wp\/v2\/types\/page"}],"author":[{"embeddable":true,"href":"https:\/\/www.fpecaixa.info\/en\/wp-json\/wp\/v2\/users\/2"}],"replies":[{"embeddable":true,"href":"https:\/\/www.fpecaixa.info\/en\/wp-json\/wp\/v2\/comments?post=2157"}],"version-history":[{"count":31,"href":"https:\/\/www.fpecaixa.info\/en\/wp-json\/wp\/v2\/pages\/2157\/revisions"}],"predecessor-version":[{"id":5825,"href":"https:\/\/www.fpecaixa.info\/en\/wp-json\/wp\/v2\/pages\/2157\/revisions\/5825"}],"up":[{"embeddable":true,"href":"https:\/\/www.fpecaixa.info\/en\/wp-json\/wp\/v2\/pages\/2148"}],"wp:attachment":[{"href":"https:\/\/www.fpecaixa.info\/en\/wp-json\/wp\/v2\/media?parent=2157"}],"curies":[{"name":"wp","href":"https:\/\/api.w.org\/{rel}","templated":true}]}}